{"id":32,"date":"2020-12-08T04:13:18","date_gmt":"2020-12-08T04:13:18","guid":{"rendered":"https:\/\/gaviaspreview.com\/wp\/tevily\/?page_id=32"},"modified":"2024-08-05T18:46:09","modified_gmt":"2024-08-05T11:46:09","slug":"terms-and-conditions","status":"publish","type":"page","link":"https:\/\/unitourist.vn\/en\/terms-and-conditions\/","title":{"rendered":"CH\u00cdNH S\u00c1CH B\u1ea2O M\u1eacT TH\u00d4NG TIN KH\u00c1CH H\u00c0NG"},"content":{"rendered":"<div class=\"margin-bottom-20\">\n<h3>I.M\u1ee5c \u0111\u00edch v\u00e0 ph\u1ea1m vi thu th\u1eadp:<\/h3>\n<p>1. Unitourist ch\u1ec9 c\u00f3 th\u1ec3 s\u1eed d\u1ee5ng to\u00e0n b\u1ed9 ho\u1eb7c m\u1ed9t ph\u1ea7n th\u00f4ng tin \u0111\u1ec3 th\u1ef1c hi\u1ec7n ho\u1ea1t \u0111\u1ed9ng kinh doanh hi\u1ec7u qu\u1ea3 trong gi\u1edbi h\u1ea1n m\u00e0 ho\u1ea1t \u0111\u1ed9ng kinh doanh y\u00eau c\u1ea7u:<\/p>\n<p>\u2022\u00a0\u00a0\u00a0\u00a0\u00a0\u00a0\u00a0\u00a0\u00a0 Th\u00f4ng b\u00e1o v\u00e0 cung c\u1ea5p d\u1ecbch v\u1ee5;<\/p>\n<p>\u2022\u00a0\u00a0\u00a0\u00a0\u00a0\u00a0\u00a0\u00a0\u00a0 Ph\u00e1t tri\u1ec3n d\u1ecbch v\u1ee5;<\/p>\n<p>\u2022\u00a0\u00a0\u00a0\u00a0\u00a0\u00a0\u00a0\u00a0\u00a0 Ph\u1ea3n h\u1ed3i nh\u1eefng y\u00eau c\u1ea7u cung c\u1ea5p th\u00f4ng tin;<\/p>\n<p>\u2022\u00a0\u00a0\u00a0\u00a0\u00a0\u00a0\u00a0\u00a0\u00a0 Th\u1ef1c hi\u1ec7n m\u1ed9t h\u1ee3p \u0111\u1ed3ng \u0111\u00e3 k\u00fd k\u1ebft gi\u1eefa Unitourist v\u00e0 kh\u00e1ch h\u00e0ng;<\/p>\n<p>\u2022\u00a0\u00a0\u00a0\u00a0\u00a0\u00a0\u00a0\u00a0\u00a0 Cung c\u1ea5p d\u1ecbch v\u1ee5 h\u1eadu m\u00e3i cho s\u1ea3n ph\u1ea9m, \u0111\u1ed3ng th\u1eddi g\u1eedi th\u00f4ng tin v\u1ec1 c\u00e1c s\u1ef1 ki\u1ec7n v\u00e0 d\u1ecbch v\u1ee5 m\u1edbi.<\/p>\n<p>2. Li\u00ean quan \u0111\u1ebfn c\u00e1c ho\u1ea1t \u0111\u1ed9ng kinh doanh ch\u00ednh c\u1ee7a Unitourist, C\u00f4ng ty s\u1ebd ch\u1ec9 thu th\u1eadp v\u00e0 s\u1eed d\u1ee5ng th\u00f4ng tin cho t\u1eebng m\u1ee5c \u0111\u00edch c\u1ee5 th\u1ec3 v\u00e0 ph\u00f9 h\u1ee3p v\u1edbi quy \u0111\u1ecbnh c\u1ee7a ph\u00e1p lu\u1eadt. Khi y\u00eau c\u1ea7u Qu\u00fd kh\u00e1ch h\u00e0ng cung c\u1ea5p th\u00f4ng tin, C\u00f4ng ty s\u1ebd tr\u00ecnh b\u00e0y r\u00f5 m\u1ee5c \u0111\u00edch s\u1eed d\u1ee5ng \u0111\u1ec3 \u0111\u01b0\u1ee3c s\u1ef1 \u0111\u1ed3ng \u00fd c\u1ee7a Qu\u00fd kh\u00e1ch h\u00e0ng.<\/p>\n<p>3. Unitourist s\u1ebd kh\u00f4ng cung c\u1ea5p th\u00f4ng tin cho b\u00ean th\u1ee9 ba n\u1ebfu ch\u01b0a \u0111\u01b0\u1ee3c s\u1ef1 \u0111\u1ed3ng \u00fd c\u1ee7a Qu\u00fd kh\u00e1ch h\u00e0ng, ngo\u1ea1i tr\u1eeb nh\u1eefng tr\u01b0\u1eddng h\u1ee3p \u0111\u1eb7c bi\u1ec7t sau:<\/p>\n<p>\u2022\u00a0\u00a0\u00a0\u00a0\u00a0\u00a0\u00a0\u00a0\u00a0 C\u00e1c tr\u01b0\u1eddng h\u1ee3p cung c\u1ea5p th\u00f4ng tin theo y\u00eau c\u1ea7u c\u1ee7a ph\u00e1p lu\u1eadt ho\u1eb7c c\u01a1 quan c\u00f3 th\u1ea9m quy\u1ec1n;<\/p>\n<p>\u2022\u00a0\u00a0\u00a0\u00a0\u00a0\u00a0\u00a0\u00a0\u00a0 C\u00e1c tr\u01b0\u1eddng h\u1ee3p cung c\u1ea5p th\u00f4ng tin c\u1ea7n thi\u1ebft cho vi\u1ec7c b\u1ea3o v\u1ec7 cu\u1ed9c s\u1ed1ng, th\u00e2n th\u1ec3, ho\u1eb7c t\u00e0i s\u1ea3n c\u1ee7a Qu\u00fd kh\u00e1ch h\u00e0ng v\u00e0 kh\u00f3 nh\u1eadn \u0111\u01b0\u1ee3c s\u1ef1 \u0111\u1ed3ng \u00fd c\u1ee7a Qu\u00fd kh\u00e1ch h\u00e0ng \u0111\u00f3;<\/p>\n<p>\u2022\u00a0\u00a0\u00a0\u00a0\u00a0\u00a0\u00a0\u00a0\u00a0 Tr\u01b0\u1eddng h\u1ee3p chuy\u1ec3n \u0111\u1ed5i lo\u1ea1i h\u00ecnh doanh nghi\u1ec7p, t\u1ed5 ch\u1ee9c l\u1ea1i doanh nghi\u1ec7p, li\u00ean doanh li\u00ean k\u1ebft ho\u1eb7c nguy\u00ean nh\u00e2n kh\u00e1c.<\/p>\n<h3><strong>II. Ph\u1ea1m vi s\u1eed d\u1ee5ng th\u00f4ng tin:<\/strong><\/h3>\n<p>1. Th\u00f4ng tin c\u00e1 nh\u00e2n: L\u00e0 t\u1ea5t c\u1ea3 c\u00e1c th\u00f4ng tin v\u1ec1 c\u00e1 nh\u00e2n, bao g\u1ed3m h\u1ecd t\u00ean, ng\u00e0y sinh, ch\u1ee9ng minh nh\u00e2n d\u00e2n, h\u1ed9 chi\u1ebfu v\u00e0 c\u00e1c m\u00f4 t\u1ea3 kh\u00e1c, ho\u1eb7c m\u1ed9t s\u1ed1, bi\u1ec3u t\u01b0\u1ee3ng, m\u00e3, h\u00ecnh \u1ea3nh \u0111\u1ec3 nh\u1eadn bi\u1ebft c\u00e1 nh\u00e2n \u0111\u00f3 (\u0111i\u1ec1u n\u00e0y c\u0169ng bao g\u1ed3m th\u00f4ng tin kh\u00f4ng th\u1ec3 nh\u1eadn bi\u1ebft \u0111\u01b0\u1ee3c c\u00e1 nh\u00e2n, nh\u01b0ng c\u00f3 th\u1ec3 d\u1ec5 d\u00e0ng nh\u1eadn bi\u1ebft khi k\u1ebft h\u1ee3p v\u1edbi c\u00e1c th\u00f4ng tin kh\u00e1c). Ngo\u00e0i ra, \u0111i\u1ec1u n\u00e0y c\u0169ng s\u1ebd kh\u00f4ng gi\u1edbi h\u1ea1n \u1edf th\u00f4ng tin nh\u1eadn d\u1ea1ng c\u00e1 nh\u00e2n, m\u00e0 c\u00f2n bao g\u1ed3m t\u1ea5t c\u1ea3 c\u00e1c th\u00f4ng tin tr\u00ecnh b\u00e0y m\u1ed9t d\u1eef ki\u1ec7n, c\u00f4ng nh\u1eadn v\u00e0 \u0111\u00e1nh gi\u00e1 t\u00ednh c\u00e1ch c\u1ee7a c\u00e1 nh\u00e2n \u0111\u00f3, bao g\u1ed3m h\u00ecnh d\u00e1ng b\u1ec1 ngo\u00e0i, t\u00e0i s\u1ea3n, ngh\u1ec1 nghi\u1ec7p ho\u1eb7c gia c\u1ea3nh.<\/p>\n<p>2. Th\u00f4ng tin thanh to\u00e1n: L\u00e0 t\u1ea5t c\u1ea3 c\u00e1c th\u00f4ng tin v\u1ec1 t\u00e0i kho\u1ea3n ng\u00e2n h\u00e0ng; s\u1ed1 ti\u1ec1n giao d\u1ecbch b\u1eb1ng ti\u1ec1n m\u1eb7t, th\u00f4ng qua t\u00e0i kho\u1ea3n ng\u00e2n h\u00e0ng ho\u1eb7c giao d\u1ecbch b\u1eb1ng h\u00ecnh th\u1ee9c kh\u00e1c; c\u00e1c n\u1ed9i dung chuy\u1ec3n kho\u1ea3n.<\/p>\n<p>3. C\u00e1c h\u00ecnh th\u1ee9c cung c\u1ea5p th\u00f4ng tin:<br \/>\u2022 Th\u00f4ng tin \u0111\u01b0\u1ee3c cung c\u1ea5p tr\u1ef1c ti\u1ebfp cho Unitourist b\u1eb1ng c\u00e1ch \u0111i\u1ec1n v\u00e0o c\u00e1c m\u1eabu form th\u00f4ng qua website www.unitourist.vn.<\/p>\n<p>\u2022 Th\u00f4ng tin \u0111\u01b0\u1ee3c cung c\u1ea5p tr\u1ef1c ti\u1ebfp cho Unitourist b\u1eb1ng ph\u01b0\u01a1ng ph\u00e1p kh\u00e1c v\u1edbi ph\u01b0\u01a1ng ph\u00e1p k\u1ec3 tr\u00ean.<\/p>\n<h3>III. Th\u1eddi gian l\u01b0u tr\u1eef th\u00f4ng tin:<\/h3>\n<p>1. Nh\u01b0 h\u1ea7u h\u1ebft c\u00e1c trang web kh\u00e1c, khi kh\u00e1ch h\u00e0ng truy c\u1eadp trang website c\u1ee7a C\u00f4ng ty m\u00e1y ch\u1ee7 s\u1ebd sinh ra c\u00e1c files ch\u1ee9a c\u00e1c th\u00f4ng tin v\u1ec1 \u0111\u1ecba ch\u1ec9 IP c\u1ee7a ng\u01b0\u1eddi truy c\u1eadp, th\u1eddi gian v\u00e0 c\u00e1c trang b\u1ea1n truy c\u1eadp. Unitourist xem x\u00e9t c\u00e1c th\u00f4ng tin n\u00e0y theo \u0111\u1ecbnh k\u1ef3 v\u00e0 s\u1eed d\u1ee5ng c\u00e1c th\u00f4ng tin \u0111\u1ec3 t\u1ea1o ra c\u00e1c th\u1ed1ng k\u00ea v\u1ec1 s\u1ef1 truy c\u1eadp website. C\u00e1c files n\u00e0y c\u0169ng \u0111\u01b0\u1ee3c x\u00f3a theo \u0111\u1ecbnh k\u1ef3 h\u00e0ng qu\u00fd.<\/p>\n<p>2. \u0110\u1ed1i v\u1edbi c\u00e1c th\u00f4ng tin c\u1ee7a Qu\u00fd kh\u00e1ch h\u00e0ng m\u00e0 Unitourist c\u00f3 \u0111\u01b0\u1ee3c trong qu\u00e1 tr\u00ecnh giao d\u1ecbch th\u00ec th\u1eddi gian l\u01b0u tr\u1eef \u0111\u1ebfn khi c\u00f3 y\u00eau c\u1ea7u h\u1ee7y b\u1ecf th\u00f4ng tin c\u1ee7a kh\u00e1ch h\u00e0ng.<\/p>\n<h3>IV. Nh\u1eefng ng\u01b0\u1eddi ho\u1eb7c t\u1ed5 ch\u1ee9c c\u00f3 th\u1ec3 \u0111\u01b0\u1ee3c ti\u1ebfp c\u1eadn v\u1edbi th\u00f4ng tin c\u00e1 nh\u00e2n:<\/h3>\n<p>C\u00d4NG TY TNHH DU L\u1ecaCH L\u1eee H\u00c0NH UNITOURIST s\u1ebd kh\u00f4ng cung c\u1ea5p th\u00f4ng tin cho b\u00ean th\u1ee9 ba n\u1ebfu ch\u01b0a \u0111\u01b0\u1ee3c s\u1ef1 \u0111\u1ed3ng \u00fd c\u1ee7a Qu\u00fd kh\u00e1ch h\u00e0ng, ngo\u1ea1i tr\u1eeb nh\u1eefng tr\u01b0\u1eddng h\u1ee3p \u0111\u1eb7c bi\u1ec7t sau:<\/p>\n<p>\u2022\u00a0\u00a0\u00a0\u00a0\u00a0\u00a0\u00a0\u00a0\u00a0 C\u00e1c tr\u01b0\u1eddng h\u1ee3p cung c\u1ea5p th\u00f4ng tin theo y\u00eau c\u1ea7u c\u1ee7a ph\u00e1p lu\u1eadt ho\u1eb7c c\u01a1 quan c\u00f3 th\u1ea9m quy\u1ec1n;<\/p>\n<p>\u2022\u00a0\u00a0\u00a0\u00a0\u00a0\u00a0\u00a0\u00a0\u00a0 C\u00e1c tr\u01b0\u1eddng h\u1ee3p cung c\u1ea5p th\u00f4ng tin c\u1ea7n thi\u1ebft cho vi\u1ec7c b\u1ea3o v\u1ec7 cu\u1ed9c s\u1ed1ng, th\u00e2n th\u1ec3, ho\u1eb7c t\u00e0i s\u1ea3n c\u1ee7a Qu\u00fd kh\u00e1ch h\u00e0ng v\u00e0 kh\u00f3 nh\u1eadn \u0111\u01b0\u1ee3c s\u1ef1 \u0111\u1ed3ng \u00fd c\u1ee7a Qu\u00fd kh\u00e1ch h\u00e0ng \u0111\u00f3;<\/p>\n<p>\u2022\u00a0\u00a0\u00a0\u00a0\u00a0\u00a0\u00a0\u00a0\u00a0 Tr\u01b0\u1eddng h\u1ee3p chuy\u1ec3n \u0111\u1ed5i lo\u1ea1i h\u00ecnh doanh nghi\u1ec7p, t\u1ed5 ch\u1ee9c l\u1ea1i doanh nghi\u1ec7p, li\u00ean doanh li\u00ean k\u1ebft ho\u1eb7c nguy\u00ean nh\u00e2n kh\u00e1c.<\/p>\n<h3>V. \u0110\u1ecba ch\u1ec9 c\u1ee7a \u0111\u01a1n v\u1ecb thu th\u1eadp v\u00e0 qu\u1ea3n l\u00fd th\u00f4ng tin c\u00e1 nh\u00e2n:<\/h3>\n<p><strong>C\u00d4NG TY TNHH DU L\u1ecaCH L\u1eee H\u00c0NH UNITOURIST<\/strong><\/p>\n<p>\u0110\u1ecba ch\u1ec9: 8A\/11D1 Th\u00e1i V\u0103n Lung, Ph\u01b0\u1eddng B\u1ebfn Ngh\u00e9, Qu\u1eadn 1, TP. H\u1ed3 Ch\u00ed Minh<\/p>\n<p>\u0110i\u1ec7n tho\u1ea1i:\u200e 1900 2112<\/p>\n<p>Email: info@unitourist.com<\/p>\n<p>Gi\u1edd l\u00e0m vi\u1ec7c: Th\u1ee9 2 \u0111\u1ebfn Th\u1ee9 6 h\u00e0ng tu\u1ea7n &#8211; T\u1eeb 8:30 \u0111\u1ebfn 18:00 (ngo\u1ea1i tr\u1eeb d\u1ecbp L\u1ec5, T\u1ebft).<\/p>\n<h3><strong>VI. Ph\u01b0\u01a1ng ti\u1ec7n v\u00e0 c\u00f4ng c\u1ee5 \u0111\u1ec3 ng\u01b0\u1eddi d\u00f9ng ti\u1ebfp c\u1eadn v\u00e0 ch\u1ec9nh s\u1eeda d\u1eef li\u1ec7u c\u00e1 nh\u00e2n c\u1ee7a m\u00ecnh:<\/strong><\/h3>\n<p>1. Qu\u00fd kh\u00e1ch h\u00e0ng c\u00f3 th\u1ec3 y\u00eau c\u1ea7u \u0111i\u1ec1u ch\u1ec9nh, b\u1ed5 sung ho\u1eb7c x\u00f3a th\u00f4ng tin c\u1ee7a m\u00ecnh. N\u1ebfu m\u1ed9t y\u00eau c\u1ea7u nh\u01b0 v\u1eady \u0111\u01b0\u1ee3c th\u1ef1c hi\u1ec7n, C\u00f4ng ty s\u1ebd y\u00eau c\u1ea7u b\u1ea1n cung c\u1ea5p gi\u1ea5y t\u1edd ch\u1ee9ng minh nh\u1eadn d\u1ea1ng c\u00e1 nh\u00e2n. Khi Unitourist x\u00e1c \u0111\u1ecbnh r\u1eb1ng vi\u1ec7c hi\u1ec7u ch\u1ec9nh, b\u1ed5 sung ho\u1eb7c x\u00f3a th\u00f4ng tin l\u00e0 c\u1ea7n thi\u1ebft, Unitourist s\u1ebd hi\u1ec7u ch\u1ec9nh, b\u1ed5 sung ho\u1eb7c x\u00f3a th\u00f4ng tin c\u1ee7a b\u1ea1n do C\u00f4ng ty l\u01b0u gi\u1eef trong gi\u1edbi h\u1ea1n v\u00e0 trong kho\u1ea3ng th\u1eddi gian h\u1ee3p l\u00fd.<\/p>\n<p>2. Qu\u00fd kh\u00e1ch h\u00e0ng c\u00f3 th\u1ec3 y\u00eau c\u1ea7u d\u1eebng s\u1eed d\u1ee5ng ho\u1eb7c h\u1ee7y b\u1ecf th\u00f4ng tin c\u00e1 nh\u00e2n c\u1ee7a b\u1ea1n. N\u1ebfu m\u1ed9t y\u00eau c\u1ea7u nh\u01b0 v\u1eady \u0111\u01b0\u1ee3c th\u1ef1c hi\u1ec7n, Unitourist s\u1ebd d\u1eebng s\u1eed d\u1ee5ng ho\u1eb7c h\u1ee7y b\u1ecf th\u00f4ng tin c\u00e1 nh\u00e2n c\u1ee7a b\u1ea1n do C\u00f4ng ty \u0111ang l\u01b0u gi\u1eef trong gi\u1edbi h\u1ea1n v\u00e0 trong kho\u1ea3ng th\u1eddi gian h\u1ee3p l\u00fd.<\/p>\n<h3>VII. Cam k\u1ebft b\u1ea3o m\u1eadt th\u00f4ng tin c\u00e1 nh\u00e2n kh\u00e1ch h\u00e0ng:<\/h3>\n<p>Unitourist s\u1ebd b\u1ea3o v\u1ec7 th\u00f4ng tin \u0111\u1ec3 tr\u00e1nh kh\u00f4ng b\u1ecb ti\u1ebft l\u1ed9 ho\u1eb7c l\u00e0m sai l\u1ec7ch, v\u00e0 l\u1eadp t\u1ee9c th\u1ef1c hi\u1ec7n t\u1ea5t c\u1ea3 c\u00e1c bi\u1ec7n ph\u00e1p trong tr\u01b0\u1eddng h\u1ee3p kh\u1ea9n c\u1ea5p.<\/p>\n<h4>1. B\u1ea3o m\u1eadt.<\/h4>\n<p>Th\u00f4ng tin thanh to\u00e1n giao d\u1ecbch th\u1ebb: c\u00e1c th\u00f4ng tin th\u1ebb \u0111\u01b0\u1ee3c nh\u1eadp tr\u00ean c\u1ed5ng thanh to\u00e1n [vui l\u00f2ng \u0111i\u1ec1n th\u00f4ng tin \u0111\u01a1n v\u1ecb cung c\u1ea5p c\u1ed5ng thanh to\u00e1n] (v\u00ed d\u1ee5: Cybersource &#8211; Sacombank epay \u0111\u01b0\u1ee3c ch\u1ee9ng th\u1ef1c \u0111\u1ea1t chu\u1ea9n PCI DSS ( Payment Card Industry Data Security Standard ) c\u1ee7a t\u1ed5 ch\u1ee9c th\u1ebb qu\u1ed1c t\u1ebf. Khi th\u00f4ng tin th\u1ebb \u0111\u01b0\u1ee3c nh\u1eadp tr\u00ean trang thanh to\u00e1n c\u1ee7a [vui l\u00f2ng \u0111i\u1ec1n th\u00f4ng tin \u0111\u01a1n v\u1ecb cung c\u1ea5p c\u1ed5ng thanh to\u00e1n] giao d\u1ecbch \u0111\u01b0\u1ee3c m\u00e3 h\u00f3a khi truy\u1ec1n \u0111i nh\u1eb1m ng\u0103n ng\u1eeba vi\u1ec7c \u0111\u00e1nh c\u1eafp v\u00e0 sao ch\u00e9p th\u00f4ng tin th\u1ebb.<\/p>\n<h4>2. S\u1eed d\u1ee5ng Cookie<\/h4>\n<p>Cookie c\u00f3 th\u1ec3 \u0111\u01b0\u1ee3c s\u1eed d\u1ee5ng \u0111\u1ec3 \u0111\u1ea3m b\u1ea3o an to\u00e0n v\u00e0 cung c\u1ea5p th\u00f4ng tin ph\u00f9 h\u1ee3p cho b\u1ea1n. Cookie l\u00e0 m\u1ed9t \u0111o\u1ea1n tin \u0111\u01b0\u1ee3c truy\u1ec1n t\u1eeb m\u00e1y ch\u1ee7 l\u01b0u tr\u1eef website c\u1ee7a t\u1edbi tr\u00ecnh duy\u1ec7t v\u00e0 c\u00f3 th\u1ec3 \u0111\u01b0\u1ee3c l\u01b0u trong \u1ed5 c\u1ee9ng m\u00e1y t\u00ednh c\u1ee7a kh\u00e1ch h\u00e0ng hay thi\u1ebft b\u1ecb l\u01b0u tr\u1eef kh\u00e1c. B\u1ea3n th\u00e2n Cookie kh\u00f4ng ch\u1ee9a b\u1ea5t c\u1ee9 th\u00f4ng tin n\u00e0o c\u00f3 th\u1ec3 gi\u00fap Unitourist x\u00e1c \u0111\u1ecbnh ra ng\u01b0\u1eddi s\u1eed d\u1ee5ng.<\/p>\n<p>Qu\u00fd kh\u00e1ch h\u00e0ng c\u00f3 th\u1ec3 quy\u1ebft \u0111\u1ecbnh ch\u1ea5p nh\u1eadn ho\u1eb7c ch\u1eb7n kh\u00f4ng cho Cookie thi\u1ebft l\u1eadp v\u00e0o tr\u00ecnh duy\u1ec7t c\u1ee7a m\u00ecnh. Tuy nhi\u00ean, n\u1ebfu kh\u00e1ch h\u00e0ng kh\u00f4ng ch\u1ea5p nh\u1eadn Cookie, c\u00f3 th\u1ec3 kh\u00e1ch h\u00e0ng s\u1ebd kh\u00f4ng c\u00f3 kh\u1ea3 n\u0103ng s\u1eed d\u1ee5ng c\u00e1c d\u1ecbch v\u1ee5 \u0111\u01b0\u1ee3c cung c\u1ea5p tr\u00ean website do C\u00f4ng ty qu\u1ea3n l\u00fd.<\/p>\n<h4>3. Th\u00f4ng tin l\u01b0u tr\u1eef v\u1ec1 qu\u00e1 tr\u00ecnh duy\u1ec7t n\u1ed9i dung<\/h4>\n<p>N\u1ebfu kh\u00e1ch h\u00e0ng gh\u00e9 th\u0103m website do C\u00f4ng ty v\u1eadn h\u00e0nh th\u00ec nh\u1eefng th\u00f4ng tin v\u1ec1 phi\u00ean truy c\u1eadp c\u1ee7a Qu\u00fd kh\u00e1ch h\u00e0ng s\u1ebd \u0111\u01b0\u1ee3c l\u01b0u gi\u1eef tr\u00ean m\u00e1y ch\u1ee7 l\u01b0u tr\u1eef website. Nh\u1eefng th\u00f4ng tin n\u00e0y kh\u00f4ng \u0111\u01b0\u1ee3c s\u1eed d\u1ee5ng v\u00ec b\u1ea5t c\u1ee9 l\u00fd do n\u00e0o kh\u00e1c ng\u00f2ai l\u00fd do thu th\u1eadp s\u1ed1 li\u1ec7u th\u1ed1ng k\u00ea s\u1ed1 l\u1ea7n truy c\u1eadp c\u1ee7a Qu\u00fd kh\u00e1ch h\u00e0ng.<\/p>\n<h4>4. C\u00e1c bi\u1ec7n ph\u00e1p kh\u00e1c<\/h4>\n<p>\u2022\u00a0\u00a0\u00a0\u00a0\u00a0\u00a0\u00a0\u00a0\u00a0 Thi\u1ebft l\u1eadp h\u1ec7 th\u1ed1ng th\u00f4ng tin ph\u1ee5c v\u1ee5 ho\u1ea1t \u0111\u1ed9ng thanh to\u00e1n \u0111\u1ea3m b\u1ea3o k\u1ebft n\u1ed1i tr\u1ef1c tuy\u1ebfn 24 (hai m\u01b0\u01a1i b\u1ed1n) gi\u1edd trong ng\u00e0y v\u00e0 7 (b\u1ea3y) ng\u00e0y trong tu\u1ea7n. Th\u1eddi gian d\u1eebng h\u1ec7 th\u1ed1ng \u0111\u1ec3 b\u1ea3o tr\u00ec kh\u00f4ng qu\u00e1 12 (m\u01b0\u1eddi hai) gi\u1edd m\u1ed7i l\u1ea7n b\u1ea3o tr\u00ec v\u00e0 s\u1ebd c\u00f3 th\u00f4ng b\u00e1o tr\u01b0\u1edbc cho Qu\u00fd kh\u00e1ch h\u00e0ng;<\/p>\n<p>\u2022\u00a0\u00a0\u00a0\u00a0\u00a0\u00a0\u00a0\u00a0\u00a0 Tri\u1ec3n khai c\u00e1c \u1ee9ng d\u1ee5ng c\u00f3 kh\u1ea3 n\u0103ng ph\u00e1t hi\u1ec7n, c\u1ea3nh b\u00e1o v\u00e0 ng\u0103n ch\u1eb7n c\u00e1c truy nh\u1eadp b\u1ea5t h\u1ee3p ph\u00e1p v\u00e0 c\u00e1c h\u00ecnh th\u1ee9c t\u1ea5n c\u00f4ng tr\u00ean m\u00f4i tr\u01b0\u1eddng m\u1ea1ng v\u00e0o h\u1ec7 th\u1ed1ng th\u00f4ng tin ph\u1ee5c v\u1ee5 ho\u1ea1t \u0111\u1ed9ng thanh to\u00e1n tr\u1ef1c tuy\u1ebfn;<\/p>\n<p>\u2022\u00a0\u00a0\u00a0\u00a0\u00a0\u00a0\u00a0\u00a0\u00a0 C\u00f3 c\u00e1c ph\u01b0\u01a1ng \u00e1n ki\u1ec3m so\u00e1t quy\u1ec1n truy nh\u1eadp h\u1ec7 th\u1ed1ng, quy\u1ec1n ra, v\u00e0o n\u01a1i \u0111\u1eb7t thi\u1ebft b\u1ecb h\u1ec7 th\u1ed1ng th\u00f4ng tin ph\u1ee5c v\u1ee5 ho\u1ea1t \u0111\u1ed9ng thanh to\u00e1n tr\u1ef1c tuy\u1ebfn;<\/p>\n<p>\u2022\u00a0\u00a0\u00a0\u00a0\u00a0\u00a0\u00a0\u00a0\u00a0 L\u01b0u tr\u1eef d\u1eef li\u1ec7u v\u1ec1 t\u1eebng giao d\u1ecbch thanh to\u00e1n theo th\u1eddi h\u1ea1n quy \u0111\u1ecbnh t\u1ea1i Lu\u1eadt k\u1ebf to\u00e1n.<\/p>\n<h3>VIII. C\u01a1 ch\u1ebf ti\u1ebfp nh\u1eadn v\u00e0 gi\u1ea3i quy\u1ebft khi\u1ebfu n\u1ea1i li\u00ean quan \u0111\u1ebfn vi\u1ec7c th\u00f4ng tin c\u00e1 nh\u00e2n kh\u00e1ch h\u00e0ng<\/h3>\n<p>1. Unitourist s\u1ebd th\u1ef1c hi\u1ec7n nh\u1eefng bi\u1ec7n ph\u00e1p c\u1ea7n thi\u1ebft \u0111\u1ec3 qu\u1ea3n l\u00fd v\u00e0 b\u1ea3o v\u1ec7 h\u1ee3p th\u1ee9c nh\u1eefng th\u00f4ng tin \u0111\u1ec3 kh\u00f4ng cho nh\u1eefng th\u00f4ng tin n\u00e0y b\u1ecb r\u00f2 r\u1ec9, m\u1ea5t m\u00e1t ho\u1eb7c b\u1ecb l\u00e0m sai l\u1ec7ch.<\/p>\n<p>2. Qu\u00fd kh\u00e1ch h\u00e0ng c\u00f3 th\u1ec3 y\u00eau c\u1ea7u \u0111\u01b0\u1ee3c c\u1ea5p x\u00e1c nh\u1eadn v\u1ec1 vi\u1ec7c li\u1ec7u Unitourist c\u00f3 \u0111ang l\u01b0u gi\u1eef ho\u1eb7c x\u1eed l\u00fd d\u1eef li\u1ec7u c\u00e1 nh\u00e2n li\u00ean quan \u0111\u1ebfn b\u1ea1n hay kh\u00f4ng, v\u00e0 x\u00e1c nh\u1eadn v\u1ec1 vi\u1ec7c s\u1eed d\u1ee5ng th\u00f4ng tin do C\u00f4ng ty l\u01b0u gi\u1eef. N\u1ebfu m\u1ed9t y\u00eau c\u1ea7u nh\u01b0 v\u1eady \u0111\u01b0\u1ee3c th\u1ef1c hi\u1ec7n, Unitourist s\u1ebd y\u00eau c\u1ea7u b\u1ea1n cung c\u1ea5p gi\u1ea5y t\u1edd ch\u1ee9ng minh nh\u1eadn d\u1ea1ng c\u00e1 nh\u00e2n. Khi C\u00f4ng ty x\u00e1c \u0111\u1ecbnh r\u1eb1ng vi\u1ec7c ti\u1ebft l\u1ed9 th\u00f4ng tin l\u00e0 c\u1ea7n thi\u1ebft, ch\u00fang t\u00f4i s\u1ebd ti\u1ebft l\u1ed9 th\u00f4ng tin c\u1ee7a b\u1ea1n do C\u00f4ng ty l\u01b0u gi\u1eef cho b\u1ea1n trong gi\u1edbi h\u1ea1n v\u00e0 trong kho\u1ea3ng th\u1eddi gian h\u1ee3p l\u00fd.<\/p>\n<p>3. Khi Qu\u00fd kh\u00e1ch h\u00e0ng mu\u1ed1n khi\u1ebfu n\u1ea1i v\u1ec1 c\u00e1ch x\u1eed l\u00fd th\u00f4ng tin c\u00e1 nh\u00e2n c\u1ee7a Unitourist, xin vui l\u00f2ng g\u1eedi Khi\u1ebfu n\u1ea1i tr\u1ef1c ti\u1ebfp \u0111\u1ebfn \u0111\u1ecba ch\u1ec9 ho\u1eb7c th\u00f4ng qua email C\u00f4ng ty.<\/p>\n<\/div>\n\n\n<p><\/p>","protected":false},"excerpt":{"rendered":"<p>I.M\u1ee5c \u0111\u00edch v\u00e0 ph\u1ea1m vi thu th\u1eadp: 1. Unitourist ch\u1ec9 c\u00f3 th\u1ec3 s\u1eed d\u1ee5ng to\u00e0n b\u1ed9 ho\u1eb7c m\u1ed9t ph\u1ea7n th\u00f4ng tin \u0111\u1ec3 th\u1ef1c hi\u1ec7n ho\u1ea1t \u0111\u1ed9ng kinh doanh hi\u1ec7u qu\u1ea3 [&hellip;]<\/p>","protected":false},"author":1,"featured_media":0,"parent":0,"menu_order":0,"comment_status":"closed","ping_status":"closed","template":"","meta":{"_acf_changed":false,"footnotes":""},"class_list":["post-32","page","type-page","status-publish","hentry"],"acf":[],"yoast_head":"<!-- This site is optimized with the Yoast SEO plugin v23.3 - https:\/\/yoast.com\/wordpress\/plugins\/seo\/ -->\n<title>CH\u00cdNH S\u00c1CH B\u1ea2O M\u1eacT TH\u00d4NG TIN KH\u00c1CH H\u00c0NG - Unitourist<\/title>\n<meta name=\"robots\" content=\"index, follow, max-snippet:-1, max-image-preview:large, max-video-preview:-1\" \/>\n<link rel=\"canonical\" href=\"https:\/\/unitourist.vn\/en\/terms-and-conditions\/\" \/>\n<meta property=\"og:locale\" content=\"en_US\" \/>\n<meta property=\"og:type\" content=\"article\" \/>\n<meta property=\"og:title\" content=\"CH\u00cdNH S\u00c1CH B\u1ea2O M\u1eacT TH\u00d4NG TIN KH\u00c1CH H\u00c0NG - Unitourist\" \/>\n<meta property=\"og:description\" content=\"I.M\u1ee5c \u0111\u00edch v\u00e0 ph\u1ea1m vi thu th\u1eadp: 1. Unitourist ch\u1ec9 c\u00f3 th\u1ec3 s\u1eed d\u1ee5ng to\u00e0n b\u1ed9 ho\u1eb7c m\u1ed9t ph\u1ea7n th\u00f4ng tin \u0111\u1ec3 th\u1ef1c hi\u1ec7n ho\u1ea1t \u0111\u1ed9ng kinh doanh hi\u1ec7u qu\u1ea3 [&hellip;]\" \/>\n<meta property=\"og:url\" content=\"https:\/\/unitourist.vn\/en\/terms-and-conditions\/\" \/>\n<meta property=\"og:site_name\" content=\"Unitourist\" \/>\n<meta property=\"article:modified_time\" content=\"2024-08-05T11:46:09+00:00\" \/>\n<meta name=\"twitter:card\" content=\"summary_large_image\" \/>\n<meta name=\"twitter:label1\" content=\"Est. reading time\" \/>\n\t<meta name=\"twitter:data1\" content=\"13 minutes\" \/>\n<script type=\"application\/ld+json\" class=\"yoast-schema-graph\">{\"@context\":\"https:\/\/schema.org\",\"@graph\":[{\"@type\":\"WebPage\",\"@id\":\"https:\/\/unitourist.vn\/terms-and-conditions\/\",\"url\":\"https:\/\/unitourist.vn\/terms-and-conditions\/\",\"name\":\"CH\u00cdNH S\u00c1CH B\u1ea2O M\u1eacT TH\u00d4NG TIN KH\u00c1CH H\u00c0NG - Unitourist\",\"isPartOf\":{\"@id\":\"https:\/\/unitourist.vn\/#website\"},\"datePublished\":\"2020-12-08T04:13:18+00:00\",\"dateModified\":\"2024-08-05T11:46:09+00:00\",\"breadcrumb\":{\"@id\":\"https:\/\/unitourist.vn\/terms-and-conditions\/#breadcrumb\"},\"inLanguage\":\"en-US\",\"potentialAction\":[{\"@type\":\"ReadAction\",\"target\":[\"https:\/\/unitourist.vn\/terms-and-conditions\/\"]}]},{\"@type\":\"BreadcrumbList\",\"@id\":\"https:\/\/unitourist.vn\/terms-and-conditions\/#breadcrumb\",\"itemListElement\":[{\"@type\":\"ListItem\",\"position\":1,\"name\":\"Home\",\"item\":\"https:\/\/unitourist.vn\/\"},{\"@type\":\"ListItem\",\"position\":2,\"name\":\"CH\u00cdNH S\u00c1CH B\u1ea2O M\u1eacT TH\u00d4NG TIN KH\u00c1CH H\u00c0NG\"}]},{\"@type\":\"WebSite\",\"@id\":\"https:\/\/unitourist.vn\/#website\",\"url\":\"https:\/\/unitourist.vn\/\",\"name\":\"Unitourist\",\"description\":\"Trip of Memories\",\"publisher\":{\"@id\":\"https:\/\/unitourist.vn\/#organization\"},\"potentialAction\":[{\"@type\":\"SearchAction\",\"target\":{\"@type\":\"EntryPoint\",\"urlTemplate\":\"https:\/\/unitourist.vn\/?s={search_term_string}\"},\"query-input\":\"required name=search_term_string\"}],\"inLanguage\":\"en-US\"},{\"@type\":\"Organization\",\"@id\":\"https:\/\/unitourist.vn\/#organization\",\"name\":\"Unitourist\",\"url\":\"https:\/\/unitourist.vn\/\",\"logo\":{\"@type\":\"ImageObject\",\"inLanguage\":\"en-US\",\"@id\":\"https:\/\/unitourist.vn\/#\/schema\/logo\/image\/\",\"url\":\"https:\/\/unitourist.vn\/wp-content\/uploads\/2024\/07\/unitourist-Site-Logo-01.png\",\"contentUrl\":\"https:\/\/unitourist.vn\/wp-content\/uploads\/2024\/07\/unitourist-Site-Logo-01.png\",\"width\":1459,\"height\":417,\"caption\":\"Unitourist\"},\"image\":{\"@id\":\"https:\/\/unitourist.vn\/#\/schema\/logo\/image\/\"}}]}<\/script>\n<!-- \/ Yoast SEO plugin. -->","yoast_head_json":{"title":"CH\u00cdNH S\u00c1CH B\u1ea2O M\u1eacT TH\u00d4NG TIN KH\u00c1CH H\u00c0NG - Unitourist","robots":{"index":"index","follow":"follow","max-snippet":"max-snippet:-1","max-image-preview":"max-image-preview:large","max-video-preview":"max-video-preview:-1"},"canonical":"https:\/\/unitourist.vn\/en\/terms-and-conditions\/","og_locale":"en_US","og_type":"article","og_title":"CH\u00cdNH S\u00c1CH B\u1ea2O M\u1eacT TH\u00d4NG TIN KH\u00c1CH H\u00c0NG - Unitourist","og_description":"I.M\u1ee5c \u0111\u00edch v\u00e0 ph\u1ea1m vi thu th\u1eadp: 1. Unitourist ch\u1ec9 c\u00f3 th\u1ec3 s\u1eed d\u1ee5ng to\u00e0n b\u1ed9 ho\u1eb7c m\u1ed9t ph\u1ea7n th\u00f4ng tin \u0111\u1ec3 th\u1ef1c hi\u1ec7n ho\u1ea1t \u0111\u1ed9ng kinh doanh hi\u1ec7u qu\u1ea3 [&hellip;]","og_url":"https:\/\/unitourist.vn\/en\/terms-and-conditions\/","og_site_name":"Unitourist","article_modified_time":"2024-08-05T11:46:09+00:00","twitter_card":"summary_large_image","twitter_misc":{"Est. reading time":"13 minutes"},"schema":{"@context":"https:\/\/schema.org","@graph":[{"@type":"WebPage","@id":"https:\/\/unitourist.vn\/terms-and-conditions\/","url":"https:\/\/unitourist.vn\/terms-and-conditions\/","name":"CH\u00cdNH S\u00c1CH B\u1ea2O M\u1eacT TH\u00d4NG TIN KH\u00c1CH H\u00c0NG - Unitourist","isPartOf":{"@id":"https:\/\/unitourist.vn\/#website"},"datePublished":"2020-12-08T04:13:18+00:00","dateModified":"2024-08-05T11:46:09+00:00","breadcrumb":{"@id":"https:\/\/unitourist.vn\/terms-and-conditions\/#breadcrumb"},"inLanguage":"en-US","potentialAction":[{"@type":"ReadAction","target":["https:\/\/unitourist.vn\/terms-and-conditions\/"]}]},{"@type":"BreadcrumbList","@id":"https:\/\/unitourist.vn\/terms-and-conditions\/#breadcrumb","itemListElement":[{"@type":"ListItem","position":1,"name":"Home","item":"https:\/\/unitourist.vn\/"},{"@type":"ListItem","position":2,"name":"CH\u00cdNH S\u00c1CH B\u1ea2O M\u1eacT TH\u00d4NG TIN KH\u00c1CH H\u00c0NG"}]},{"@type":"WebSite","@id":"https:\/\/unitourist.vn\/#website","url":"https:\/\/unitourist.vn\/","name":"Unitourist","description":"Trip of Memories","publisher":{"@id":"https:\/\/unitourist.vn\/#organization"},"potentialAction":[{"@type":"SearchAction","target":{"@type":"EntryPoint","urlTemplate":"https:\/\/unitourist.vn\/?s={search_term_string}"},"query-input":"required name=search_term_string"}],"inLanguage":"en-US"},{"@type":"Organization","@id":"https:\/\/unitourist.vn\/#organization","name":"Unitourist","url":"https:\/\/unitourist.vn\/","logo":{"@type":"ImageObject","inLanguage":"en-US","@id":"https:\/\/unitourist.vn\/#\/schema\/logo\/image\/","url":"https:\/\/unitourist.vn\/wp-content\/uploads\/2024\/07\/unitourist-Site-Logo-01.png","contentUrl":"https:\/\/unitourist.vn\/wp-content\/uploads\/2024\/07\/unitourist-Site-Logo-01.png","width":1459,"height":417,"caption":"Unitourist"},"image":{"@id":"https:\/\/unitourist.vn\/#\/schema\/logo\/image\/"}}]}},"_links":{"self":[{"href":"https:\/\/unitourist.vn\/en\/wp-json\/wp\/v2\/pages\/32"}],"collection":[{"href":"https:\/\/unitourist.vn\/en\/wp-json\/wp\/v2\/pages"}],"about":[{"href":"https:\/\/unitourist.vn\/en\/wp-json\/wp\/v2\/types\/page"}],"author":[{"embeddable":true,"href":"https:\/\/unitourist.vn\/en\/wp-json\/wp\/v2\/users\/1"}],"replies":[{"embeddable":true,"href":"https:\/\/unitourist.vn\/en\/wp-json\/wp\/v2\/comments?post=32"}],"version-history":[{"count":3,"href":"https:\/\/unitourist.vn\/en\/wp-json\/wp\/v2\/pages\/32\/revisions"}],"predecessor-version":[{"id":2500,"href":"https:\/\/unitourist.vn\/en\/wp-json\/wp\/v2\/pages\/32\/revisions\/2500"}],"wp:attachment":[{"href":"https:\/\/unitourist.vn\/en\/wp-json\/wp\/v2\/media?parent=32"}],"curies":[{"name":"wp","href":"https:\/\/api.w.org\/{rel}","templated":true}]}}