{"id":26,"date":"2020-12-08T03:54:16","date_gmt":"2020-12-08T03:54:16","guid":{"rendered":"https:\/\/gaviaspreview.com\/wp\/tevily\/?page_id=26"},"modified":"2020-12-08T03:54:16","modified_gmt":"2020-12-08T03:54:16","slug":"news-2","status":"publish","type":"page","link":"https:\/\/unitourist.vn\/en\/news-2\/","title":{"rendered":"News II"},"content":{"rendered":"<div data-elementor-type=\"wp-page\" data-elementor-id=\"26\" class=\"elementor elementor-26\">\n\t\t\t\t\t\t<section class=\"elementor-section elementor-top-section elementor-element elementor-element-bab952e elementor-section-full_width elementor-section-height-default elementor-section-height-default row-top\" data-id=\"bab952e\" data-element_type=\"section\">\n\t\t\t\t\t\t<div class=\"elementor-container elementor-column-gap-default\">\n\t\t\t\t\t<div class=\"elementor-column elementor-col-100 elementor-top-column elementor-element elementor-element-a9d9793\" data-id=\"a9d9793\" data-element_type=\"column\">\n\t\t\t<div class=\"elementor-widget-wrap elementor-element-populated\">\n\t\t\t\t\t\t<div class=\"elementor-element elementor-element-d691118 elementor-widget elementor-widget-gva_post_breadcrumb\" data-id=\"d691118\" data-element_type=\"widget\" data-widget_type=\"gva_post_breadcrumb.default\">\n\t\t\t\t<div class=\"elementor-widget-container\">\n\t\t\t<div class=\"gva-element-gva_post_breadcrumb gva-element\">   \n<div class=\"post-breadcrumb\">\n   <div class=\"custom-breadcrumb\" >\n            <div class=\"breadcrumb-main\">\n        <div class=\"container\">\n          <div class=\"breadcrumb-container-inner\">\n            <h2 class=\"heading-title\">News II<\/h2><ol class=\"breadcrumb\"><li><a href=\"https:\/\/unitourist.vn\/en\">Home<\/a> <\/li> <li class=\"active\">Page<\/li><\/ol>          <\/div>  \n        <\/div>   \n      <\/div>  \n   <\/div>\n<\/div>      \n\n<\/div>\t\t<\/div>\n\t\t\t\t<\/div>\n\t\t\t\t\t<\/div>\n\t\t<\/div>\n\t\t\t\t\t<\/div>\n\t\t<\/section>\n\t\t\t\t<section class=\"elementor-section elementor-top-section elementor-element elementor-element-26d009d7 elementor-section-boxed elementor-section-height-default elementor-section-height-default row-top\" data-id=\"26d009d7\" data-element_type=\"section\">\n\t\t\t\t\t\t<div class=\"elementor-container elementor-column-gap-default\">\n\t\t\t\t\t<div class=\"elementor-column elementor-col-100 elementor-top-column elementor-element elementor-element-2a3a0f88\" data-id=\"2a3a0f88\" data-element_type=\"column\">\n\t\t\t<div class=\"elementor-widget-wrap elementor-element-populated\">\n\t\t\t\t\t\t<div class=\"elementor-element elementor-element-158a6e68 elementor-widget elementor-widget-gva-posts\" data-id=\"158a6e68\" data-element_type=\"widget\" data-widget_type=\"gva-posts.default\">\n\t\t\t\t<div class=\"elementor-widget-container\">\n\t\t\t<div class=\"gva-element-gva-posts gva-element\">  \n  <div class=\"gva-posts-grid clearfix gva-posts\">\n\t\t<div class=\"gva-content-items\"> \n\t\t  <div class=\"lg-block-grid-3 md-block-grid-3 sm-block-grid-2 xs-block-grid-2 xx-block-grid-1\">\n\t\t\t <div class=\"item-columns\">\n<article id=\"post-4230\" class=\"post post-style-2 post-4230 type-post status-publish format-standard has-post-thumbnail hentry category-cam-nang-du-lich category-kinh-nghiem-du-lich\">\n   <div class=\"post-thumbnail\" style=\"background-image:url('https:\/\/unitourist.vn\/wp-content\/uploads\/2025\/04\/490659524_621139650918301_7288517844545326074_n-600x620.jpg');\"><\/div>   \n   <div class=\"entry-content\">\n      <div class=\"content-inner\">\n         <div class=\"entry-meta\">\n            <div class=\"left\"><img alt='' src='https:\/\/secure.gravatar.com\/avatar\/6b171928ec407ff3e44c9adf36ed956c?s=160&#038;d=mm&#038;r=g' srcset='https:\/\/secure.gravatar.com\/avatar\/6b171928ec407ff3e44c9adf36ed956c?s=320&#038;d=mm&#038;r=g 2x' class='avatar avatar-160 photo' height='160' width='160' \/><\/div><div class=\"right\"><span class=\"author vcard\"><i class=\"far fa-user-circle\"><\/i>by&nbsp;mktunitourist<\/span><span class=\"post-comment\"><i class=\"far fa-comments\"><\/i>0 comments<\/span><\/div>         <\/div> \n         <h2 class=\"entry-title\">\n            <a href=\"https:\/\/unitourist.vn\/en\/cam-nang-du-lich\/nhung-diem-check-in-co-do-sao-vang-khap-ba-mien-dip-30-4\/\">Nh\u1eefng \u0111i\u1ec3m check-in c\u1edd \u0111\u1ecf sao v\u00e0ng kh\u1eafp ba mi\u1ec1n d\u1ecbp 30\/4<\/a>\n         <\/h2>\n      <\/div>\n      <div class=\"read-more\">\n         <a href=\"https:\/\/unitourist.vn\/en\/cam-nang-du-lich\/nhung-diem-check-in-co-do-sao-vang-khap-ba-mien-dip-30-4\/\">\n            <i class=\"icon las la-arrow-right\"><\/i>\n         <\/a>\n      <\/div>\n   <\/div>\n   <a href=\"https:\/\/unitourist.vn\/en\/cam-nang-du-lich\/nhung-diem-check-in-co-do-sao-vang-khap-ba-mien-dip-30-4\/\" class=\"link-overlay\"><\/a>\n<\/article>   \n\n  <\/div><div class=\"item-columns\">\n<article id=\"post-4195\" class=\"post post-style-2 post-4195 type-post status-publish format-standard has-post-thumbnail hentry category-cam-nang-du-lich category-kinh-nghiem-du-lich\">\n   <div class=\"post-thumbnail\" style=\"background-image:url('https:\/\/unitourist.vn\/wp-content\/uploads\/2025\/03\/mua-xuan-trung-quoc-600x620.jpg');\"><\/div>   \n   <div class=\"entry-content\">\n      <div class=\"content-inner\">\n         <div class=\"entry-meta\">\n            <div class=\"left\"><img alt='' src='https:\/\/secure.gravatar.com\/avatar\/6b171928ec407ff3e44c9adf36ed956c?s=160&#038;d=mm&#038;r=g' srcset='https:\/\/secure.gravatar.com\/avatar\/6b171928ec407ff3e44c9adf36ed956c?s=320&#038;d=mm&#038;r=g 2x' class='avatar avatar-160 photo' height='160' width='160' \/><\/div><div class=\"right\"><span class=\"author vcard\"><i class=\"far fa-user-circle\"><\/i>by&nbsp;mktunitourist<\/span><span class=\"post-comment\"><i class=\"far fa-comments\"><\/i>0 comments<\/span><\/div>         <\/div> \n         <h2 class=\"entry-title\">\n            <a href=\"https:\/\/unitourist.vn\/en\/cam-nang-du-lich\/hoa-xuan-khoe-sac-khap-trung-quoc\/\">Hoa xu\u00e2n khoe s\u1eafc kh\u1eafp Trung Qu\u1ed1c<\/a>\n         <\/h2>\n      <\/div>\n      <div class=\"read-more\">\n         <a href=\"https:\/\/unitourist.vn\/en\/cam-nang-du-lich\/hoa-xuan-khoe-sac-khap-trung-quoc\/\">\n            <i class=\"icon las la-arrow-right\"><\/i>\n         <\/a>\n      <\/div>\n   <\/div>\n   <a href=\"https:\/\/unitourist.vn\/en\/cam-nang-du-lich\/hoa-xuan-khoe-sac-khap-trung-quoc\/\" class=\"link-overlay\"><\/a>\n<\/article>   \n\n  <\/div><div class=\"item-columns\">\n<article id=\"post-4173\" class=\"post post-style-2 post-4173 type-post status-publish format-standard has-post-thumbnail hentry category-cam-nang-du-lich category-kinh-nghiem-du-lich\">\n   <div class=\"post-thumbnail\" style=\"background-image:url('https:\/\/unitourist.vn\/wp-content\/uploads\/2025\/03\/hoa-ban-ha-noi-600x620.jpg');\"><\/div>   \n   <div class=\"entry-content\">\n      <div class=\"content-inner\">\n         <div class=\"entry-meta\">\n            <div class=\"left\"><img alt='' src='https:\/\/secure.gravatar.com\/avatar\/6b171928ec407ff3e44c9adf36ed956c?s=160&#038;d=mm&#038;r=g' srcset='https:\/\/secure.gravatar.com\/avatar\/6b171928ec407ff3e44c9adf36ed956c?s=320&#038;d=mm&#038;r=g 2x' class='avatar avatar-160 photo' height='160' width='160' \/><\/div><div class=\"right\"><span class=\"author vcard\"><i class=\"far fa-user-circle\"><\/i>by&nbsp;mktunitourist<\/span><span class=\"post-comment\"><i class=\"far fa-comments\"><\/i>0 comments<\/span><\/div>         <\/div> \n         <h2 class=\"entry-title\">\n            <a href=\"https:\/\/unitourist.vn\/en\/cam-nang-du-lich\/nhung-mua-hoa-goi-ten-thang-3-o-ha-noi\/\">Nh\u1eefng m\u00f9a hoa g\u1ecdi t\u00ean th\u00e1ng 3 \u1edf H\u00e0 N\u1ed9i<\/a>\n         <\/h2>\n      <\/div>\n      <div class=\"read-more\">\n         <a href=\"https:\/\/unitourist.vn\/en\/cam-nang-du-lich\/nhung-mua-hoa-goi-ten-thang-3-o-ha-noi\/\">\n            <i class=\"icon las la-arrow-right\"><\/i>\n         <\/a>\n      <\/div>\n   <\/div>\n   <a href=\"https:\/\/unitourist.vn\/en\/cam-nang-du-lich\/nhung-mua-hoa-goi-ten-thang-3-o-ha-noi\/\" class=\"link-overlay\"><\/a>\n<\/article>   \n\n  <\/div><div class=\"item-columns\">\n<article id=\"post-4116\" class=\"post post-style-2 post-4116 type-post status-publish format-standard has-post-thumbnail hentry category-technology tag-unitourist-dong-hanh-cung-giai-vo-dich-quoc-gia-viet-nam-vex-robotics-2025\">\n   <div class=\"post-thumbnail\" style=\"background-image:url('https:\/\/unitourist.vn\/wp-content\/uploads\/2025\/02\/anh-001-600x620.jpg');\"><\/div>   \n   <div class=\"entry-content\">\n      <div class=\"content-inner\">\n         <div class=\"entry-meta\">\n            <div class=\"left\"><img alt='' src='https:\/\/secure.gravatar.com\/avatar\/6b171928ec407ff3e44c9adf36ed956c?s=160&#038;d=mm&#038;r=g' srcset='https:\/\/secure.gravatar.com\/avatar\/6b171928ec407ff3e44c9adf36ed956c?s=320&#038;d=mm&#038;r=g 2x' class='avatar avatar-160 photo' height='160' width='160' \/><\/div><div class=\"right\"><span class=\"author vcard\"><i class=\"far fa-user-circle\"><\/i>by&nbsp;mktunitourist<\/span><span class=\"post-comment\"><i class=\"far fa-comments\"><\/i>0 comments<\/span><\/div>         <\/div> \n         <h2 class=\"entry-title\">\n            <a href=\"https:\/\/unitourist.vn\/en\/technology\/unitourist-dong-hanh-cung-giai-vo-dich-quoc-gia-viet-nam-vex-robotics-2025\/\">UniTourist \u0111\u1ed3ng h\u00e0nh c\u00f9ng gi\u1ea3i v\u00f4 \u0111\u1ecbch Qu\u1ed1c gia Vi\u1ec7t Nam VEX Robotics 2025<\/a>\n         <\/h2>\n      <\/div>\n      <div class=\"read-more\">\n         <a href=\"https:\/\/unitourist.vn\/en\/technology\/unitourist-dong-hanh-cung-giai-vo-dich-quoc-gia-viet-nam-vex-robotics-2025\/\">\n            <i class=\"icon las la-arrow-right\"><\/i>\n         <\/a>\n      <\/div>\n   <\/div>\n   <a href=\"https:\/\/unitourist.vn\/en\/technology\/unitourist-dong-hanh-cung-giai-vo-dich-quoc-gia-viet-nam-vex-robotics-2025\/\" class=\"link-overlay\"><\/a>\n<\/article>   \n\n  <\/div><div class=\"item-columns\">\n<article id=\"post-4108\" class=\"post post-style-2 post-4108 type-post status-publish format-standard has-post-thumbnail hentry category-cam-nang-du-lich category-kinh-nghiem-du-lich\">\n   <div class=\"post-thumbnail\" style=\"background-image:url('https:\/\/unitourist.vn\/wp-content\/uploads\/2025\/02\/hoa-do-quyen-hoang-lien-son-600x620.jpg');\"><\/div>   \n   <div class=\"entry-content\">\n      <div class=\"content-inner\">\n         <div class=\"entry-meta\">\n            <div class=\"left\"><img alt='' src='https:\/\/secure.gravatar.com\/avatar\/6b171928ec407ff3e44c9adf36ed956c?s=160&#038;d=mm&#038;r=g' srcset='https:\/\/secure.gravatar.com\/avatar\/6b171928ec407ff3e44c9adf36ed956c?s=320&#038;d=mm&#038;r=g 2x' class='avatar avatar-160 photo' height='160' width='160' \/><\/div><div class=\"right\"><span class=\"author vcard\"><i class=\"far fa-user-circle\"><\/i>by&nbsp;mktunitourist<\/span><span class=\"post-comment\"><i class=\"far fa-comments\"><\/i>0 comments<\/span><\/div>         <\/div> \n         <h2 class=\"entry-title\">\n            <a href=\"https:\/\/unitourist.vn\/en\/cam-nang-du-lich\/5-cung-trekking-mua-xuan-mien-bac\/\">5 cung trekking m\u00f9a xu\u00e2n mi\u1ec1n B\u1eafc<\/a>\n         <\/h2>\n      <\/div>\n      <div class=\"read-more\">\n         <a href=\"https:\/\/unitourist.vn\/en\/cam-nang-du-lich\/5-cung-trekking-mua-xuan-mien-bac\/\">\n            <i class=\"icon las la-arrow-right\"><\/i>\n         <\/a>\n      <\/div>\n   <\/div>\n   <a href=\"https:\/\/unitourist.vn\/en\/cam-nang-du-lich\/5-cung-trekking-mua-xuan-mien-bac\/\" class=\"link-overlay\"><\/a>\n<\/article>   \n\n  <\/div><div class=\"item-columns\">\n<article id=\"post-4100\" class=\"post post-style-2 post-4100 type-post status-publish format-standard has-post-thumbnail hentry category-cam-nang-du-lich category-kinh-nghiem-du-lich tag-5-cung-trekking-mua-kho-phia-nam\">\n   <div class=\"post-thumbnail\" style=\"background-image:url('https:\/\/unitourist.vn\/wp-content\/uploads\/2025\/02\/ta-nang-phan-dung-4-1689484850-600x559.jpg');\"><\/div>   \n   <div class=\"entry-content\">\n      <div class=\"content-inner\">\n         <div class=\"entry-meta\">\n            <div class=\"left\"><img alt='' src='https:\/\/secure.gravatar.com\/avatar\/6b171928ec407ff3e44c9adf36ed956c?s=160&#038;d=mm&#038;r=g' srcset='https:\/\/secure.gravatar.com\/avatar\/6b171928ec407ff3e44c9adf36ed956c?s=320&#038;d=mm&#038;r=g 2x' class='avatar avatar-160 photo' height='160' width='160' \/><\/div><div class=\"right\"><span class=\"author vcard\"><i class=\"far fa-user-circle\"><\/i>by&nbsp;mktunitourist<\/span><span class=\"post-comment\"><i class=\"far fa-comments\"><\/i>0 comments<\/span><\/div>         <\/div> \n         <h2 class=\"entry-title\">\n            <a href=\"https:\/\/unitourist.vn\/en\/cam-nang-du-lich\/5-cung-trekking-mua-kho-phia-nam\/\">5 cung trekking m\u00f9a kh\u00f4 ph\u00eda Nam<\/a>\n         <\/h2>\n      <\/div>\n      <div class=\"read-more\">\n         <a href=\"https:\/\/unitourist.vn\/en\/cam-nang-du-lich\/5-cung-trekking-mua-kho-phia-nam\/\">\n            <i class=\"icon las la-arrow-right\"><\/i>\n         <\/a>\n      <\/div>\n   <\/div>\n   <a href=\"https:\/\/unitourist.vn\/en\/cam-nang-du-lich\/5-cung-trekking-mua-kho-phia-nam\/\" class=\"link-overlay\"><\/a>\n<\/article>   \n\n  <\/div>\t\t  <\/div>\n\t\t<\/div>\n\t\t\t\t\t <div class=\"pagination\">\n\t\t\t\t  <div class=\"column one pager_wrapper\"><div class=\"pager\"><div class=\"paginations\"><a href=\"https:\/\/unitourist.vn\/en\/wp-json\/wp\/v2\/pages\/26\/\" class=\"page-item active\">1<\/a><a href=\"https:\/\/unitourist.vn\/en\/wp-json\/wp\/v2\/pages\/26\/page\/2\/\" class=\"page-item\">2<\/a><a href=\"https:\/\/unitourist.vn\/en\/wp-json\/wp\/v2\/pages\/26\/page\/3\/\" class=\"page-item\">3<\/a><span class=\"page-item\">... <\/span><a href=\"https:\/\/unitourist.vn\/en\/wp-json\/wp\/v2\/pages\/26\/page\/10\/\" class=\"page-item\">10<\/a><a class=\"next_page\" href=\"https:\/\/unitourist.vn\/en\/wp-json\/wp\/v2\/pages\/26\/page\/2\/\"><i class=\"fas fa-chevron-right\"><\/i><\/a><\/div><\/div><\/div>\n\t\t\t <\/div>\n\t\t  <\/div>\n  <\/div>\t\t<\/div>\n\t\t\t\t<\/div>\n\t\t\t\t\t<\/div>\n\t\t<\/div>\n\t\t\t\t\t<\/div>\n\t\t<\/section>\n\t\t\t\t<\/div>","protected":false},"excerpt":{"rendered":"<p>5 Off The Beaten Track Adventures &#038; Destinations Home by&nbsp;admin0 comments Things to See and Do When Visiting Japan by&nbsp;admin0 comments A Place where Start New Life with Peace by&nbsp;admin0 [&hellip;]<\/p>","protected":false},"author":1,"featured_media":0,"parent":0,"menu_order":0,"comment_status":"closed","ping_status":"closed","template":"","meta":{"_acf_changed":false,"footnotes":""},"class_list":["post-26","page","type-page","status-publish","hentry"],"acf":[],"yoast_head":"<!-- This site is optimized with the Yoast SEO plugin v23.3 - https:\/\/yoast.com\/wordpress\/plugins\/seo\/ -->\n<title>News II - Unitourist<\/title>\n<meta name=\"robots\" content=\"index, follow, max-snippet:-1, max-image-preview:large, max-video-preview:-1\" \/>\n<link rel=\"canonical\" href=\"https:\/\/unitourist.vn\/en\/news-2\/\" \/>\n<meta property=\"og:locale\" content=\"en_US\" \/>\n<meta property=\"og:type\" content=\"article\" \/>\n<meta property=\"og:title\" content=\"News II - Unitourist\" \/>\n<meta property=\"og:description\" content=\"5 Off The Beaten Track Adventures &#038; Destinations Home by&nbsp;admin0 comments Things to See and Do When Visiting Japan by&nbsp;admin0 comments A Place where Start New Life with Peace by&nbsp;admin0 [&hellip;]\" \/>\n<meta property=\"og:url\" content=\"https:\/\/unitourist.vn\/en\/news-2\/\" \/>\n<meta property=\"og:site_name\" content=\"Unitourist\" \/>\n<meta property=\"og:image\" content=\"http:\/\/2.gravatar.com\/avatar\/bb90dcb0ceabfc8bf10c550f1ee95ee7?s=160&#038;d=mm&#038;r=g\" \/>\n<meta name=\"twitter:card\" content=\"summary_large_image\" \/>\n<script type=\"application\/ld+json\" class=\"yoast-schema-graph\">{\"@context\":\"https:\/\/schema.org\",\"@graph\":[{\"@type\":\"WebPage\",\"@id\":\"https:\/\/unitourist.vn\/news-2\/\",\"url\":\"https:\/\/unitourist.vn\/news-2\/\",\"name\":\"News II - Unitourist\",\"isPartOf\":{\"@id\":\"https:\/\/unitourist.vn\/#website\"},\"primaryImageOfPage\":{\"@id\":\"https:\/\/unitourist.vn\/news-2\/#primaryimage\"},\"image\":{\"@id\":\"https:\/\/unitourist.vn\/news-2\/#primaryimage\"},\"thumbnailUrl\":\"http:\/\/2.gravatar.com\/avatar\/bb90dcb0ceabfc8bf10c550f1ee95ee7?s=160&#038;d=mm&#038;r=g\",\"datePublished\":\"2020-12-08T03:54:16+00:00\",\"dateModified\":\"2020-12-08T03:54:16+00:00\",\"breadcrumb\":{\"@id\":\"https:\/\/unitourist.vn\/news-2\/#breadcrumb\"},\"inLanguage\":\"en-US\",\"potentialAction\":[{\"@type\":\"ReadAction\",\"target\":[\"https:\/\/unitourist.vn\/news-2\/\"]}]},{\"@type\":\"ImageObject\",\"inLanguage\":\"en-US\",\"@id\":\"https:\/\/unitourist.vn\/news-2\/#primaryimage\",\"url\":\"http:\/\/2.gravatar.com\/avatar\/bb90dcb0ceabfc8bf10c550f1ee95ee7?s=160&#038;d=mm&#038;r=g\",\"contentUrl\":\"http:\/\/2.gravatar.com\/avatar\/bb90dcb0ceabfc8bf10c550f1ee95ee7?s=160&#038;d=mm&#038;r=g\"},{\"@type\":\"BreadcrumbList\",\"@id\":\"https:\/\/unitourist.vn\/news-2\/#breadcrumb\",\"itemListElement\":[{\"@type\":\"ListItem\",\"position\":1,\"name\":\"Home\",\"item\":\"https:\/\/unitourist.vn\/\"},{\"@type\":\"ListItem\",\"position\":2,\"name\":\"News II\"}]},{\"@type\":\"WebSite\",\"@id\":\"https:\/\/unitourist.vn\/#website\",\"url\":\"https:\/\/unitourist.vn\/\",\"name\":\"Unitourist\",\"description\":\"Trip of Memories\",\"publisher\":{\"@id\":\"https:\/\/unitourist.vn\/#organization\"},\"potentialAction\":[{\"@type\":\"SearchAction\",\"target\":{\"@type\":\"EntryPoint\",\"urlTemplate\":\"https:\/\/unitourist.vn\/?s={search_term_string}\"},\"query-input\":\"required name=search_term_string\"}],\"inLanguage\":\"en-US\"},{\"@type\":\"Organization\",\"@id\":\"https:\/\/unitourist.vn\/#organization\",\"name\":\"Unitourist\",\"url\":\"https:\/\/unitourist.vn\/\",\"logo\":{\"@type\":\"ImageObject\",\"inLanguage\":\"en-US\",\"@id\":\"https:\/\/unitourist.vn\/#\/schema\/logo\/image\/\",\"url\":\"https:\/\/unitourist.vn\/wp-content\/uploads\/2024\/07\/unitourist-Site-Logo-01.png\",\"contentUrl\":\"https:\/\/unitourist.vn\/wp-content\/uploads\/2024\/07\/unitourist-Site-Logo-01.png\",\"width\":1459,\"height\":417,\"caption\":\"Unitourist\"},\"image\":{\"@id\":\"https:\/\/unitourist.vn\/#\/schema\/logo\/image\/\"}}]}<\/script>\n<!-- \/ Yoast SEO plugin. -->","yoast_head_json":{"title":"News II - Unitourist","robots":{"index":"index","follow":"follow","max-snippet":"max-snippet:-1","max-image-preview":"max-image-preview:large","max-video-preview":"max-video-preview:-1"},"canonical":"https:\/\/unitourist.vn\/en\/news-2\/","og_locale":"en_US","og_type":"article","og_title":"News II - Unitourist","og_description":"5 Off The Beaten Track Adventures &#038; Destinations Home by&nbsp;admin0 comments Things to See and Do When Visiting Japan by&nbsp;admin0 comments A Place where Start New Life with Peace by&nbsp;admin0 [&hellip;]","og_url":"https:\/\/unitourist.vn\/en\/news-2\/","og_site_name":"Unitourist","og_image":[{"url":"http:\/\/2.gravatar.com\/avatar\/bb90dcb0ceabfc8bf10c550f1ee95ee7?s=160&#038;d=mm&#038;r=g"}],"twitter_card":"summary_large_image","schema":{"@context":"https:\/\/schema.org","@graph":[{"@type":"WebPage","@id":"https:\/\/unitourist.vn\/news-2\/","url":"https:\/\/unitourist.vn\/news-2\/","name":"News II - Unitourist","isPartOf":{"@id":"https:\/\/unitourist.vn\/#website"},"primaryImageOfPage":{"@id":"https:\/\/unitourist.vn\/news-2\/#primaryimage"},"image":{"@id":"https:\/\/unitourist.vn\/news-2\/#primaryimage"},"thumbnailUrl":"http:\/\/2.gravatar.com\/avatar\/bb90dcb0ceabfc8bf10c550f1ee95ee7?s=160&#038;d=mm&#038;r=g","datePublished":"2020-12-08T03:54:16+00:00","dateModified":"2020-12-08T03:54:16+00:00","breadcrumb":{"@id":"https:\/\/unitourist.vn\/news-2\/#breadcrumb"},"inLanguage":"en-US","potentialAction":[{"@type":"ReadAction","target":["https:\/\/unitourist.vn\/news-2\/"]}]},{"@type":"ImageObject","inLanguage":"en-US","@id":"https:\/\/unitourist.vn\/news-2\/#primaryimage","url":"http:\/\/2.gravatar.com\/avatar\/bb90dcb0ceabfc8bf10c550f1ee95ee7?s=160&#038;d=mm&#038;r=g","contentUrl":"http:\/\/2.gravatar.com\/avatar\/bb90dcb0ceabfc8bf10c550f1ee95ee7?s=160&#038;d=mm&#038;r=g"},{"@type":"BreadcrumbList","@id":"https:\/\/unitourist.vn\/news-2\/#breadcrumb","itemListElement":[{"@type":"ListItem","position":1,"name":"Home","item":"https:\/\/unitourist.vn\/"},{"@type":"ListItem","position":2,"name":"News II"}]},{"@type":"WebSite","@id":"https:\/\/unitourist.vn\/#website","url":"https:\/\/unitourist.vn\/","name":"Unitourist","description":"Trip of Memories","publisher":{"@id":"https:\/\/unitourist.vn\/#organization"},"potentialAction":[{"@type":"SearchAction","target":{"@type":"EntryPoint","urlTemplate":"https:\/\/unitourist.vn\/?s={search_term_string}"},"query-input":"required name=search_term_string"}],"inLanguage":"en-US"},{"@type":"Organization","@id":"https:\/\/unitourist.vn\/#organization","name":"Unitourist","url":"https:\/\/unitourist.vn\/","logo":{"@type":"ImageObject","inLanguage":"en-US","@id":"https:\/\/unitourist.vn\/#\/schema\/logo\/image\/","url":"https:\/\/unitourist.vn\/wp-content\/uploads\/2024\/07\/unitourist-Site-Logo-01.png","contentUrl":"https:\/\/unitourist.vn\/wp-content\/uploads\/2024\/07\/unitourist-Site-Logo-01.png","width":1459,"height":417,"caption":"Unitourist"},"image":{"@id":"https:\/\/unitourist.vn\/#\/schema\/logo\/image\/"}}]}},"_links":{"self":[{"href":"https:\/\/unitourist.vn\/en\/wp-json\/wp\/v2\/pages\/26"}],"collection":[{"href":"https:\/\/unitourist.vn\/en\/wp-json\/wp\/v2\/pages"}],"about":[{"href":"https:\/\/unitourist.vn\/en\/wp-json\/wp\/v2\/types\/page"}],"author":[{"embeddable":true,"href":"https:\/\/unitourist.vn\/en\/wp-json\/wp\/v2\/users\/1"}],"replies":[{"embeddable":true,"href":"https:\/\/unitourist.vn\/en\/wp-json\/wp\/v2\/comments?post=26"}],"version-history":[{"count":0,"href":"https:\/\/unitourist.vn\/en\/wp-json\/wp\/v2\/pages\/26\/revisions"}],"wp:attachment":[{"href":"https:\/\/unitourist.vn\/en\/wp-json\/wp\/v2\/media?parent=26"}],"curies":[{"name":"wp","href":"https:\/\/api.w.org\/{rel}","templated":true}]}}