{"id":25,"date":"2020-12-08T03:54:06","date_gmt":"2020-12-08T03:54:06","guid":{"rendered":"https:\/\/gaviaspreview.com\/wp\/tevily\/?page_id=25"},"modified":"2024-08-30T09:38:27","modified_gmt":"2024-08-30T02:38:27","slug":"news","status":"publish","type":"page","link":"https:\/\/unitourist.vn\/en\/news\/","title":{"rendered":"Events"},"content":{"rendered":"<div data-elementor-type=\"wp-page\" data-elementor-id=\"25\" class=\"elementor elementor-25\">\n\t\t\t\t\t\t<section class=\"elementor-section elementor-top-section elementor-element elementor-element-59f29e4 elementor-section-full_width elementor-section-height-default elementor-section-height-default row-top\" data-id=\"59f29e4\" data-element_type=\"section\">\n\t\t\t\t\t\t<div class=\"elementor-container elementor-column-gap-default\">\n\t\t\t\t\t<div class=\"elementor-column elementor-col-100 elementor-top-column elementor-element elementor-element-6754167\" data-id=\"6754167\" data-element_type=\"column\">\n\t\t\t<div class=\"elementor-widget-wrap elementor-element-populated\">\n\t\t\t\t\t\t<div class=\"elementor-element elementor-element-458306b elementor-widget elementor-widget-gva_post_breadcrumb\" data-id=\"458306b\" data-element_type=\"widget\" data-widget_type=\"gva_post_breadcrumb.default\">\n\t\t\t\t<div class=\"elementor-widget-container\">\n\t\t\t<div class=\"gva-element-gva_post_breadcrumb gva-element\">   \n<div class=\"post-breadcrumb\">\n   <div class=\"custom-breadcrumb\" >\n            <div class=\"breadcrumb-main\">\n        <div class=\"container\">\n          <div class=\"breadcrumb-container-inner\">\n            <h2 class=\"heading-title\">Events<\/h2><ol class=\"breadcrumb\"><li><a href=\"https:\/\/unitourist.vn\/en\">Home<\/a> <\/li> <li class=\"active\">Page<\/li><\/ol>          <\/div>  \n        <\/div>   \n      <\/div>  \n   <\/div>\n<\/div>      \n\n<\/div>\t\t<\/div>\n\t\t\t\t<\/div>\n\t\t\t\t\t<\/div>\n\t\t<\/div>\n\t\t\t\t\t<\/div>\n\t\t<\/section>\n\t\t\t\t<section class=\"elementor-section elementor-top-section elementor-element elementor-element-1fbe8dbc elementor-section-boxed elementor-section-height-default elementor-section-height-default row-top\" data-id=\"1fbe8dbc\" data-element_type=\"section\">\n\t\t\t\t\t\t<div class=\"elementor-container elementor-column-gap-default\">\n\t\t\t\t\t<div class=\"elementor-column elementor-col-100 elementor-top-column elementor-element elementor-element-505d4390\" data-id=\"505d4390\" data-element_type=\"column\">\n\t\t\t<div class=\"elementor-widget-wrap elementor-element-populated\">\n\t\t\t\t\t\t<div class=\"elementor-element elementor-element-962a554 elementor-widget elementor-widget-gva-posts\" data-id=\"962a554\" data-element_type=\"widget\" data-widget_type=\"gva-posts.default\">\n\t\t\t\t<div class=\"elementor-widget-container\">\n\t\t\t<div class=\"gva-element-gva-posts gva-element\">  \n  <div class=\"gva-posts-grid clearfix gva-posts\">\n\t\t<div class=\"gva-content-items\"> \n\t\t  <div class=\"lg-block-grid-3 md-block-grid-3 sm-block-grid-2 xs-block-grid-2 xx-block-grid-1\">\n\t\t\t <div class=\"item-columns\">\n   <article id=\"post-4230\" class=\"post post-style-1 post-4230 type-post status-publish format-standard has-post-thumbnail hentry category-cam-nang-du-lich category-kinh-nghiem-du-lich\">\n      \n               <div class=\"post-thumbnail\">\n            <a href=\"https:\/\/unitourist.vn\/en\/cam-nang-du-lich\/nhung-diem-check-in-co-do-sao-vang-khap-ba-mien-dip-30-4\/\">\n               <img fetchpriority=\"high\" decoding=\"async\" width=\"580\" height=\"450\" src=\"https:\/\/unitourist.vn\/wp-content\/uploads\/2025\/04\/490659524_621139650918301_7288517844545326074_n-580x450.jpg\" class=\"attachment-tevily_medium size-tevily_medium wp-post-image\" alt=\"Nh\u1eefng \u0111i\u1ec3m check-in c\u1edd \u0111\u1ecf sao v\u00e0ng kh\u1eafp ba mi\u1ec1n d\u1ecbp 30\/4\" \/>            <\/a>\n                           <div class=\"entry-date\">\n                  <span class=\"date\">14<\/span>\n                  <span class=\"month\">Apr<\/span>\n               <\/div>\n                     <\/div>   \n         \n\n      <div class=\"entry-content has-thumbnail\">\n         <div class=\"content-inner\">\n            <div class=\"entry-meta\">\n               <div class=\"clearfix meta-inline post-meta-1\"><span class=\"entry-date hidden\"><i class=\"far fa-calendar\"><\/i>14\/04\/2025<\/span><span class=\"author vcard\"><i class=\"far fa-user-circle\"><\/i>mktunitourist<\/span><span class=\"post-comment\"><i class=\"far fa-comments\"><\/i>0 Comments<\/span><\/div>            <\/div> \n            <h3 class=\"entry-title\"><a href=\"https:\/\/unitourist.vn\/en\/cam-nang-du-lich\/nhung-diem-check-in-co-do-sao-vang-khap-ba-mien-dip-30-4\/\" rel=\"bookmark\">Nh\u1eefng \u0111i\u1ec3m check-in c\u1edd \u0111\u1ecf sao v\u00e0ng kh\u1eafp ba mi\u1ec1n d\u1ecbp 30\/4<\/a><\/h3>\n                        <div class=\"read-more\">\n               <a class=\"btn-inline\" href=\"https:\/\/unitourist.vn\/en\/cam-nang-du-lich\/nhung-diem-check-in-co-do-sao-vang-khap-ba-mien-dip-30-4\/\">Read more<\/a>\n            <\/div>\n         <\/div>\n\n      <\/div>\n   <\/article>   \n\n  <\/div><div class=\"item-columns\">\n   <article id=\"post-4195\" class=\"post post-style-1 post-4195 type-post status-publish format-standard has-post-thumbnail hentry category-cam-nang-du-lich category-kinh-nghiem-du-lich\">\n      \n               <div class=\"post-thumbnail\">\n            <a href=\"https:\/\/unitourist.vn\/en\/cam-nang-du-lich\/hoa-xuan-khoe-sac-khap-trung-quoc\/\">\n               <img decoding=\"async\" width=\"580\" height=\"450\" src=\"https:\/\/unitourist.vn\/wp-content\/uploads\/2025\/03\/mua-xuan-trung-quoc-580x450.jpg\" class=\"attachment-tevily_medium size-tevily_medium wp-post-image\" alt=\"Hoa xu\u00e2n khoe s\u1eafc kh\u1eafp Trung Qu\u1ed1c\" \/>            <\/a>\n                           <div class=\"entry-date\">\n                  <span class=\"date\">25<\/span>\n                  <span class=\"month\">Mar<\/span>\n               <\/div>\n                     <\/div>   \n         \n\n      <div class=\"entry-content has-thumbnail\">\n         <div class=\"content-inner\">\n            <div class=\"entry-meta\">\n               <div class=\"clearfix meta-inline post-meta-1\"><span class=\"entry-date hidden\"><i class=\"far fa-calendar\"><\/i>25\/03\/2025<\/span><span class=\"author vcard\"><i class=\"far fa-user-circle\"><\/i>mktunitourist<\/span><span class=\"post-comment\"><i class=\"far fa-comments\"><\/i>0 Comments<\/span><\/div>            <\/div> \n            <h3 class=\"entry-title\"><a href=\"https:\/\/unitourist.vn\/en\/cam-nang-du-lich\/hoa-xuan-khoe-sac-khap-trung-quoc\/\" rel=\"bookmark\">Hoa xu\u00e2n khoe s\u1eafc kh\u1eafp Trung Qu\u1ed1c<\/a><\/h3>\n                        <div class=\"read-more\">\n               <a class=\"btn-inline\" href=\"https:\/\/unitourist.vn\/en\/cam-nang-du-lich\/hoa-xuan-khoe-sac-khap-trung-quoc\/\">Read more<\/a>\n            <\/div>\n         <\/div>\n\n      <\/div>\n   <\/article>   \n\n  <\/div><div class=\"item-columns\">\n   <article id=\"post-4173\" class=\"post post-style-1 post-4173 type-post status-publish format-standard has-post-thumbnail hentry category-cam-nang-du-lich category-kinh-nghiem-du-lich\">\n      \n               <div class=\"post-thumbnail\">\n            <a href=\"https:\/\/unitourist.vn\/en\/cam-nang-du-lich\/nhung-mua-hoa-goi-ten-thang-3-o-ha-noi\/\">\n               <img decoding=\"async\" width=\"580\" height=\"450\" src=\"https:\/\/unitourist.vn\/wp-content\/uploads\/2025\/03\/hoa-ban-ha-noi-580x450.jpg\" class=\"attachment-tevily_medium size-tevily_medium wp-post-image\" alt=\"Nh\u1eefng m\u00f9a hoa g\u1ecdi t\u00ean th\u00e1ng 3 \u1edf H\u00e0 N\u1ed9i\" \/>            <\/a>\n                           <div class=\"entry-date\">\n                  <span class=\"date\">11<\/span>\n                  <span class=\"month\">Mar<\/span>\n               <\/div>\n                     <\/div>   \n         \n\n      <div class=\"entry-content has-thumbnail\">\n         <div class=\"content-inner\">\n            <div class=\"entry-meta\">\n               <div class=\"clearfix meta-inline post-meta-1\"><span class=\"entry-date hidden\"><i class=\"far fa-calendar\"><\/i>11\/03\/2025<\/span><span class=\"author vcard\"><i class=\"far fa-user-circle\"><\/i>mktunitourist<\/span><span class=\"post-comment\"><i class=\"far fa-comments\"><\/i>0 Comments<\/span><\/div>            <\/div> \n            <h3 class=\"entry-title\"><a href=\"https:\/\/unitourist.vn\/en\/cam-nang-du-lich\/nhung-mua-hoa-goi-ten-thang-3-o-ha-noi\/\" rel=\"bookmark\">Nh\u1eefng m\u00f9a hoa g\u1ecdi t\u00ean th\u00e1ng 3 \u1edf H\u00e0 N\u1ed9i<\/a><\/h3>\n                        <div class=\"read-more\">\n               <a class=\"btn-inline\" href=\"https:\/\/unitourist.vn\/en\/cam-nang-du-lich\/nhung-mua-hoa-goi-ten-thang-3-o-ha-noi\/\">Read more<\/a>\n            <\/div>\n         <\/div>\n\n      <\/div>\n   <\/article>   \n\n  <\/div><div class=\"item-columns\">\n   <article id=\"post-4116\" class=\"post post-style-1 post-4116 type-post status-publish format-standard has-post-thumbnail hentry category-technology tag-unitourist-dong-hanh-cung-giai-vo-dich-quoc-gia-viet-nam-vex-robotics-2025\">\n      \n               <div class=\"post-thumbnail\">\n            <a href=\"https:\/\/unitourist.vn\/en\/technology\/unitourist-dong-hanh-cung-giai-vo-dich-quoc-gia-viet-nam-vex-robotics-2025\/\">\n               <img loading=\"lazy\" decoding=\"async\" width=\"580\" height=\"450\" src=\"https:\/\/unitourist.vn\/wp-content\/uploads\/2025\/02\/anh-001-580x450.jpg\" class=\"attachment-tevily_medium size-tevily_medium wp-post-image\" alt=\"UniTourist \u0111\u1ed3ng h\u00e0nh c\u00f9ng gi\u1ea3i v\u00f4 \u0111\u1ecbch Qu\u1ed1c gia Vi\u1ec7t Nam VEX Robotics 2025\" \/>            <\/a>\n                           <div class=\"entry-date\">\n                  <span class=\"date\">24<\/span>\n                  <span class=\"month\">Feb<\/span>\n               <\/div>\n                     <\/div>   \n         \n\n      <div class=\"entry-content has-thumbnail\">\n         <div class=\"content-inner\">\n            <div class=\"entry-meta\">\n               <div class=\"clearfix meta-inline post-meta-1\"><span class=\"entry-date hidden\"><i class=\"far fa-calendar\"><\/i>24\/02\/2025<\/span><span class=\"author vcard\"><i class=\"far fa-user-circle\"><\/i>mktunitourist<\/span><span class=\"post-comment\"><i class=\"far fa-comments\"><\/i>0 Comments<\/span><\/div>            <\/div> \n            <h3 class=\"entry-title\"><a href=\"https:\/\/unitourist.vn\/en\/technology\/unitourist-dong-hanh-cung-giai-vo-dich-quoc-gia-viet-nam-vex-robotics-2025\/\" rel=\"bookmark\">UniTourist \u0111\u1ed3ng h\u00e0nh c\u00f9ng gi\u1ea3i v\u00f4 \u0111\u1ecbch Qu\u1ed1c gia Vi\u1ec7t Nam VEX Robotics 2025<\/a><\/h3>\n                        <div class=\"read-more\">\n               <a class=\"btn-inline\" href=\"https:\/\/unitourist.vn\/en\/technology\/unitourist-dong-hanh-cung-giai-vo-dich-quoc-gia-viet-nam-vex-robotics-2025\/\">Read more<\/a>\n            <\/div>\n         <\/div>\n\n      <\/div>\n   <\/article>   \n\n  <\/div><div class=\"item-columns\">\n   <article id=\"post-4108\" class=\"post post-style-1 post-4108 type-post status-publish format-standard has-post-thumbnail hentry category-cam-nang-du-lich category-kinh-nghiem-du-lich\">\n      \n               <div class=\"post-thumbnail\">\n            <a href=\"https:\/\/unitourist.vn\/en\/cam-nang-du-lich\/5-cung-trekking-mua-xuan-mien-bac\/\">\n               <img loading=\"lazy\" decoding=\"async\" width=\"580\" height=\"450\" src=\"https:\/\/unitourist.vn\/wp-content\/uploads\/2025\/02\/hoa-do-quyen-hoang-lien-son-580x450.jpg\" class=\"attachment-tevily_medium size-tevily_medium wp-post-image\" alt=\"5 cung trekking m\u00f9a xu\u00e2n mi\u1ec1n B\u1eafc\" \/>            <\/a>\n                           <div class=\"entry-date\">\n                  <span class=\"date\">18<\/span>\n                  <span class=\"month\">Feb<\/span>\n               <\/div>\n                     <\/div>   \n         \n\n      <div class=\"entry-content has-thumbnail\">\n         <div class=\"content-inner\">\n            <div class=\"entry-meta\">\n               <div class=\"clearfix meta-inline post-meta-1\"><span class=\"entry-date hidden\"><i class=\"far fa-calendar\"><\/i>18\/02\/2025<\/span><span class=\"author vcard\"><i class=\"far fa-user-circle\"><\/i>mktunitourist<\/span><span class=\"post-comment\"><i class=\"far fa-comments\"><\/i>0 Comments<\/span><\/div>            <\/div> \n            <h3 class=\"entry-title\"><a href=\"https:\/\/unitourist.vn\/en\/cam-nang-du-lich\/5-cung-trekking-mua-xuan-mien-bac\/\" rel=\"bookmark\">5 cung trekking m\u00f9a xu\u00e2n mi\u1ec1n B\u1eafc<\/a><\/h3>\n                        <div class=\"read-more\">\n               <a class=\"btn-inline\" href=\"https:\/\/unitourist.vn\/en\/cam-nang-du-lich\/5-cung-trekking-mua-xuan-mien-bac\/\">Read more<\/a>\n            <\/div>\n         <\/div>\n\n      <\/div>\n   <\/article>   \n\n  <\/div><div class=\"item-columns\">\n   <article id=\"post-4100\" class=\"post post-style-1 post-4100 type-post status-publish format-standard has-post-thumbnail hentry category-cam-nang-du-lich category-kinh-nghiem-du-lich tag-5-cung-trekking-mua-kho-phia-nam\">\n      \n               <div class=\"post-thumbnail\">\n            <a href=\"https:\/\/unitourist.vn\/en\/cam-nang-du-lich\/5-cung-trekking-mua-kho-phia-nam\/\">\n               <img loading=\"lazy\" decoding=\"async\" width=\"580\" height=\"450\" src=\"https:\/\/unitourist.vn\/wp-content\/uploads\/2025\/02\/ta-nang-phan-dung-4-1689484850-580x450.jpg\" class=\"attachment-tevily_medium size-tevily_medium wp-post-image\" alt=\"5 cung trekking m\u00f9a kh\u00f4 ph\u00eda Nam\" \/>            <\/a>\n                           <div class=\"entry-date\">\n                  <span class=\"date\">18<\/span>\n                  <span class=\"month\">Feb<\/span>\n               <\/div>\n                     <\/div>   \n         \n\n      <div class=\"entry-content has-thumbnail\">\n         <div class=\"content-inner\">\n            <div class=\"entry-meta\">\n               <div class=\"clearfix meta-inline post-meta-1\"><span class=\"entry-date hidden\"><i class=\"far fa-calendar\"><\/i>18\/02\/2025<\/span><span class=\"author vcard\"><i class=\"far fa-user-circle\"><\/i>mktunitourist<\/span><span class=\"post-comment\"><i class=\"far fa-comments\"><\/i>0 Comments<\/span><\/div>            <\/div> \n            <h3 class=\"entry-title\"><a href=\"https:\/\/unitourist.vn\/en\/cam-nang-du-lich\/5-cung-trekking-mua-kho-phia-nam\/\" rel=\"bookmark\">5 cung trekking m\u00f9a kh\u00f4 ph\u00eda Nam<\/a><\/h3>\n                        <div class=\"read-more\">\n               <a class=\"btn-inline\" href=\"https:\/\/unitourist.vn\/en\/cam-nang-du-lich\/5-cung-trekking-mua-kho-phia-nam\/\">Read more<\/a>\n            <\/div>\n         <\/div>\n\n      <\/div>\n   <\/article>   \n\n  <\/div>\t\t  <\/div>\n\t\t<\/div>\n\t\t\t\t\t <div class=\"pagination\">\n\t\t\t\t  <div class=\"column one pager_wrapper\"><div class=\"pager\"><div class=\"paginations\"><a href=\"https:\/\/unitourist.vn\/en\/wp-json\/wp\/v2\/pages\/25\/\" class=\"page-item active\">1<\/a><a href=\"https:\/\/unitourist.vn\/en\/wp-json\/wp\/v2\/pages\/25\/page\/2\/\" class=\"page-item\">2<\/a><a href=\"https:\/\/unitourist.vn\/en\/wp-json\/wp\/v2\/pages\/25\/page\/3\/\" class=\"page-item\">3<\/a><span class=\"page-item\">... <\/span><a href=\"https:\/\/unitourist.vn\/en\/wp-json\/wp\/v2\/pages\/25\/page\/10\/\" class=\"page-item\">10<\/a><a class=\"next_page\" href=\"https:\/\/unitourist.vn\/en\/wp-json\/wp\/v2\/pages\/25\/page\/2\/\"><i class=\"fas fa-chevron-right\"><\/i><\/a><\/div><\/div><\/div>\n\t\t\t <\/div>\n\t\t  <\/div>\n  <\/div>\t\t<\/div>\n\t\t\t\t<\/div>\n\t\t\t\t\t<\/div>\n\t\t<\/div>\n\t\t\t\t\t<\/div>\n\t\t<\/section>\n\t\t\t\t<\/div>","protected":false},"excerpt":{"rendered":"<p>5 Off The Beaten Track Adventures &#038; Destinations Home 08 Dec admin3 Comments Things to See and Do When Visiting Japan There are many variations of but the majority have [&hellip;]<\/p>","protected":false},"author":1,"featured_media":0,"parent":0,"menu_order":0,"comment_status":"closed","ping_status":"closed","template":"","meta":{"_acf_changed":false,"footnotes":""},"class_list":["post-25","page","type-page","status-publish","hentry"],"acf":[],"yoast_head":"<!-- This site is optimized with the Yoast SEO plugin v23.3 - https:\/\/yoast.com\/wordpress\/plugins\/seo\/ -->\n<title>Tin t\u1ee9c - Unitourist<\/title>\n<meta name=\"robots\" content=\"index, follow, max-snippet:-1, max-image-preview:large, max-video-preview:-1\" \/>\n<link rel=\"canonical\" href=\"https:\/\/unitourist.vn\/en\/news\/\" \/>\n<meta property=\"og:locale\" content=\"en_US\" \/>\n<meta property=\"og:type\" content=\"article\" \/>\n<meta property=\"og:title\" content=\"Tin t\u1ee9c - Unitourist\" \/>\n<meta property=\"og:description\" content=\"5 Off The Beaten Track Adventures &#038; Destinations Home 08 Dec admin3 Comments Things to See and Do When Visiting Japan There are many variations of but the majority have [&hellip;]\" \/>\n<meta property=\"og:url\" content=\"https:\/\/unitourist.vn\/en\/news\/\" \/>\n<meta property=\"og:site_name\" content=\"Unitourist\" \/>\n<meta property=\"article:modified_time\" content=\"2024-08-30T02:38:27+00:00\" \/>\n<meta name=\"twitter:card\" content=\"summary_large_image\" \/>\n<meta name=\"twitter:label1\" content=\"Est. reading time\" \/>\n\t<meta name=\"twitter:data1\" content=\"1 minute\" \/>\n<script type=\"application\/ld+json\" class=\"yoast-schema-graph\">{\"@context\":\"https:\/\/schema.org\",\"@graph\":[{\"@type\":\"WebPage\",\"@id\":\"https:\/\/unitourist.vn\/news\/\",\"url\":\"https:\/\/unitourist.vn\/news\/\",\"name\":\"Tin t\u1ee9c - Unitourist\",\"isPartOf\":{\"@id\":\"https:\/\/unitourist.vn\/#website\"},\"datePublished\":\"2020-12-08T03:54:06+00:00\",\"dateModified\":\"2024-08-30T02:38:27+00:00\",\"breadcrumb\":{\"@id\":\"https:\/\/unitourist.vn\/news\/#breadcrumb\"},\"inLanguage\":\"en-US\",\"potentialAction\":[{\"@type\":\"ReadAction\",\"target\":[\"https:\/\/unitourist.vn\/news\/\"]}]},{\"@type\":\"BreadcrumbList\",\"@id\":\"https:\/\/unitourist.vn\/news\/#breadcrumb\",\"itemListElement\":[{\"@type\":\"ListItem\",\"position\":1,\"name\":\"Home\",\"item\":\"https:\/\/unitourist.vn\/\"},{\"@type\":\"ListItem\",\"position\":2,\"name\":\"Tin t\u1ee9c\"}]},{\"@type\":\"WebSite\",\"@id\":\"https:\/\/unitourist.vn\/#website\",\"url\":\"https:\/\/unitourist.vn\/\",\"name\":\"Unitourist\",\"description\":\"Trip of Memories\",\"publisher\":{\"@id\":\"https:\/\/unitourist.vn\/#organization\"},\"potentialAction\":[{\"@type\":\"SearchAction\",\"target\":{\"@type\":\"EntryPoint\",\"urlTemplate\":\"https:\/\/unitourist.vn\/?s={search_term_string}\"},\"query-input\":\"required name=search_term_string\"}],\"inLanguage\":\"en-US\"},{\"@type\":\"Organization\",\"@id\":\"https:\/\/unitourist.vn\/#organization\",\"name\":\"Unitourist\",\"url\":\"https:\/\/unitourist.vn\/\",\"logo\":{\"@type\":\"ImageObject\",\"inLanguage\":\"en-US\",\"@id\":\"https:\/\/unitourist.vn\/#\/schema\/logo\/image\/\",\"url\":\"https:\/\/unitourist.vn\/wp-content\/uploads\/2024\/07\/unitourist-Site-Logo-01.png\",\"contentUrl\":\"https:\/\/unitourist.vn\/wp-content\/uploads\/2024\/07\/unitourist-Site-Logo-01.png\",\"width\":1459,\"height\":417,\"caption\":\"Unitourist\"},\"image\":{\"@id\":\"https:\/\/unitourist.vn\/#\/schema\/logo\/image\/\"}}]}<\/script>\n<!-- \/ Yoast SEO plugin. -->","yoast_head_json":{"title":"Tin t\u1ee9c - Unitourist","robots":{"index":"index","follow":"follow","max-snippet":"max-snippet:-1","max-image-preview":"max-image-preview:large","max-video-preview":"max-video-preview:-1"},"canonical":"https:\/\/unitourist.vn\/en\/news\/","og_locale":"en_US","og_type":"article","og_title":"Tin t\u1ee9c - Unitourist","og_description":"5 Off The Beaten Track Adventures &#038; Destinations Home 08 Dec admin3 Comments Things to See and Do When Visiting Japan There are many variations of but the majority have [&hellip;]","og_url":"https:\/\/unitourist.vn\/en\/news\/","og_site_name":"Unitourist","article_modified_time":"2024-08-30T02:38:27+00:00","twitter_card":"summary_large_image","twitter_misc":{"Est. reading time":"1 minute"},"schema":{"@context":"https:\/\/schema.org","@graph":[{"@type":"WebPage","@id":"https:\/\/unitourist.vn\/news\/","url":"https:\/\/unitourist.vn\/news\/","name":"Tin t\u1ee9c - Unitourist","isPartOf":{"@id":"https:\/\/unitourist.vn\/#website"},"datePublished":"2020-12-08T03:54:06+00:00","dateModified":"2024-08-30T02:38:27+00:00","breadcrumb":{"@id":"https:\/\/unitourist.vn\/news\/#breadcrumb"},"inLanguage":"en-US","potentialAction":[{"@type":"ReadAction","target":["https:\/\/unitourist.vn\/news\/"]}]},{"@type":"BreadcrumbList","@id":"https:\/\/unitourist.vn\/news\/#breadcrumb","itemListElement":[{"@type":"ListItem","position":1,"name":"Home","item":"https:\/\/unitourist.vn\/"},{"@type":"ListItem","position":2,"name":"Tin t\u1ee9c"}]},{"@type":"WebSite","@id":"https:\/\/unitourist.vn\/#website","url":"https:\/\/unitourist.vn\/","name":"Unitourist","description":"Trip of Memories","publisher":{"@id":"https:\/\/unitourist.vn\/#organization"},"potentialAction":[{"@type":"SearchAction","target":{"@type":"EntryPoint","urlTemplate":"https:\/\/unitourist.vn\/?s={search_term_string}"},"query-input":"required name=search_term_string"}],"inLanguage":"en-US"},{"@type":"Organization","@id":"https:\/\/unitourist.vn\/#organization","name":"Unitourist","url":"https:\/\/unitourist.vn\/","logo":{"@type":"ImageObject","inLanguage":"en-US","@id":"https:\/\/unitourist.vn\/#\/schema\/logo\/image\/","url":"https:\/\/unitourist.vn\/wp-content\/uploads\/2024\/07\/unitourist-Site-Logo-01.png","contentUrl":"https:\/\/unitourist.vn\/wp-content\/uploads\/2024\/07\/unitourist-Site-Logo-01.png","width":1459,"height":417,"caption":"Unitourist"},"image":{"@id":"https:\/\/unitourist.vn\/#\/schema\/logo\/image\/"}}]}},"_links":{"self":[{"href":"https:\/\/unitourist.vn\/en\/wp-json\/wp\/v2\/pages\/25"}],"collection":[{"href":"https:\/\/unitourist.vn\/en\/wp-json\/wp\/v2\/pages"}],"about":[{"href":"https:\/\/unitourist.vn\/en\/wp-json\/wp\/v2\/types\/page"}],"author":[{"embeddable":true,"href":"https:\/\/unitourist.vn\/en\/wp-json\/wp\/v2\/users\/1"}],"replies":[{"embeddable":true,"href":"https:\/\/unitourist.vn\/en\/wp-json\/wp\/v2\/comments?post=25"}],"version-history":[{"count":1,"href":"https:\/\/unitourist.vn\/en\/wp-json\/wp\/v2\/pages\/25\/revisions"}],"predecessor-version":[{"id":3554,"href":"https:\/\/unitourist.vn\/en\/wp-json\/wp\/v2\/pages\/25\/revisions\/3554"}],"wp:attachment":[{"href":"https:\/\/unitourist.vn\/en\/wp-json\/wp\/v2\/media?parent=25"}],"curies":[{"name":"wp","href":"https:\/\/api.w.org\/{rel}","templated":true}]}}