{"id":21,"date":"2020-12-08T03:53:12","date_gmt":"2020-12-08T03:53:12","guid":{"rendered":"https:\/\/gaviaspreview.com\/wp\/tevily\/?page_id=21"},"modified":"2024-08-12T16:49:28","modified_gmt":"2024-08-12T09:49:28","slug":"ve-unitourist","status":"publish","type":"page","link":"https:\/\/unitourist.vn\/en\/ve-unitourist\/","title":{"rendered":"About UniTourist"},"content":{"rendered":"<div data-elementor-type=\"wp-page\" data-elementor-id=\"21\" class=\"elementor elementor-21\">\n\t\t\t\t\t\t<section class=\"elementor-section elementor-top-section elementor-element elementor-element-027b947 elementor-section-full_width elementor-section-height-default elementor-section-height-default row-top\" data-id=\"027b947\" data-element_type=\"section\">\n\t\t\t\t\t\t<div class=\"elementor-container elementor-column-gap-default\">\n\t\t\t\t\t<div class=\"elementor-column elementor-col-100 elementor-top-column elementor-element elementor-element-d0bf791\" data-id=\"d0bf791\" data-element_type=\"column\">\n\t\t\t<div class=\"elementor-widget-wrap elementor-element-populated\">\n\t\t\t\t\t\t<div class=\"elementor-element elementor-element-41e2072 elementor-widget elementor-widget-gva_post_breadcrumb\" data-id=\"41e2072\" data-element_type=\"widget\" data-widget_type=\"gva_post_breadcrumb.default\">\n\t\t\t\t<div class=\"elementor-widget-container\">\n\t\t\t<div class=\"gva-element-gva_post_breadcrumb gva-element\">   \n<div class=\"post-breadcrumb\">\n   <div class=\"custom-breadcrumb\" >\n            <div class=\"breadcrumb-main\">\n        <div class=\"container\">\n          <div class=\"breadcrumb-container-inner\">\n            <h2 class=\"heading-title\">About UniTourist<\/h2><ol class=\"breadcrumb\"><li><a href=\"https:\/\/unitourist.vn\/en\">Home<\/a> <\/li> <li class=\"active\">Page<\/li><\/ol>          <\/div>  \n        <\/div>   \n      <\/div>  \n   <\/div>\n<\/div>      \n\n<\/div>\t\t<\/div>\n\t\t\t\t<\/div>\n\t\t\t\t\t<\/div>\n\t\t<\/div>\n\t\t\t\t\t<\/div>\n\t\t<\/section>\n\t\t\t\t<section class=\"elementor-section elementor-top-section elementor-element elementor-element-cfe9709 elementor-section-boxed elementor-section-height-default elementor-section-height-default row-top\" data-id=\"cfe9709\" data-element_type=\"section\">\n\t\t\t\t\t\t<div class=\"elementor-container elementor-column-gap-default\">\n\t\t\t\t\t<div class=\"elementor-column elementor-col-50 elementor-top-column elementor-element elementor-element-bdc7059\" data-id=\"bdc7059\" data-element_type=\"column\">\n\t\t\t<div class=\"elementor-widget-wrap elementor-element-populated\">\n\t\t\t\t\t\t<div class=\"elementor-element elementor-element-be60f00 elementor-widget elementor-widget-image\" data-id=\"be60f00\" data-element_type=\"widget\" data-widget_type=\"image.default\">\n\t\t\t\t<div class=\"elementor-widget-container\">\n\t\t\t\t\t\t\t\t\t\t\t\t\t<img fetchpriority=\"high\" decoding=\"async\" width=\"980\" height=\"1674\" src=\"https:\/\/unitourist.vn\/wp-content\/uploads\/2024\/07\/ve-chung-toi-UniTourist-01-01.png\" class=\"attachment-full size-full wp-image-2077\" alt=\"\" srcset=\"https:\/\/unitourist.vn\/wp-content\/uploads\/2024\/07\/ve-chung-toi-UniTourist-01-01.png 980w, https:\/\/unitourist.vn\/wp-content\/uploads\/2024\/07\/ve-chung-toi-UniTourist-01-01-768x1312.png 768w\" sizes=\"(max-width: 980px) 100vw, 980px\" \/>\t\t\t\t\t\t\t\t\t\t\t\t\t<\/div>\n\t\t\t\t<\/div>\n\t\t\t\t\t<\/div>\n\t\t<\/div>\n\t\t\t\t<div class=\"elementor-column elementor-col-50 elementor-top-column elementor-element elementor-element-b600727\" data-id=\"b600727\" data-element_type=\"column\">\n\t\t\t<div class=\"elementor-widget-wrap elementor-element-populated\">\n\t\t\t\t\t\t<div class=\"elementor-element elementor-element-3ce9dddb elementor-widget elementor-widget-gva-heading-block\" data-id=\"3ce9dddb\" data-element_type=\"widget\" data-widget_type=\"gva-heading-block.default\">\n\t\t\t\t<div class=\"elementor-widget-container\">\n\t\t\t<div class=\"gva-element-gva-heading-block gva-element\">   <div class=\"align-left style-1 widget gsc-heading box-align-left auto-responsive\">\n      <div class=\"content-inner\">\n         \n                  \n           \n         \n                     <h2 class=\"title\">\n               <span>About us<\/span>\n            <\/h2>\n                              <div class=\"title-desc\">Th\u00e0nh l\u1eadp t\u1eeb n\u0103m 2012, <b>UniTourist<\/b> (<b>C\u00f4ng ty TNNHH Du L\u1ecbch L\u1eef H\u00e0nh UniTourist<\/b>) v\u1edbi ti\u1ec1n th\u00e2n l\u00e0 Ph\u00f2ng Tour Du L\u1ecbch c\u1ee7a c\u00f4ng ty 24HVisa. UniTourist \u0111\u00e3 c\u00f3 h\u01a1n 12 n\u0103m t\u1ed5 ch\u1ee9c tour, d\u1ecbch v\u1ee5 du l\u1ecbch trong v\u00e0 ngo\u00e0i n\u01b0\u1edbc bao g\u1ed3m: t\u1ed5 ch\u1ee9c c\u00e1c tour du l\u1ecbch tham quan tr\u1ecdn g\u00f3i cho du kh\u00e1ch kh\u1edfi h\u00e0nh \u0111\u1ec1u \u0111\u1eb7n h\u00e0ng tu\u1ea7n c\u1ea3 trong v\u00e0 ngo\u00e0i n\u01b0\u1edbc, t\u01b0 v\u1ea5n visa, \u0111\u1eb7t v\u00e9 m\u00e1y bay, \u0111\u1eb7t ph\u00f2ng kh\u00e1ch s\u1ea1n, cho thu\u00ea xe du l\u1ecbch t\u1eeb 7 \u0111\u1ebfn 45 ch\u1ed7 v\u00e0 th\u1ef1c hi\u1ec7n c\u00e1c th\u1ee7 t\u1ee5c xu\u1ea5t nh\u1eadp c\u1ea3nh b\u1eb1ng \u0111i\u1ec7n t\u1eed...<br><br>Cho \u0111\u1ebfn nay <b>UniTourist<\/b> \u0111\u00e3 c\u00f3 8 V\u0103n Ph\u00f2ng \u0110\u1ea1i Di\u1ec7n t\u1ea1i <i>Th\u00e0nh ph\u1ed1 H\u1ed3 Ch\u00ed Minh, H\u00e0 N\u1ed9i, B\u00ecnh \u0110\u1ecbnh, \u0110\u1ed3ng Nai, B\u00ecnh D\u01b0\u01a1ng, C\u1ea7n Th\u01a1<\/i>  v\u1edbi h\u01a1n 100 nh\u00e2n vi\u00ean g\u1ed3m \u0111\u1ed9i ng\u0169 \u0111i\u1ec1u h\u00e0nh, t\u01b0 v\u1ea5n vi\u00ean, nh\u00e2n vi\u00ean kinh doanh v\u00e0 h\u01b0\u1edbng d\u1eabn vi\u00ean c\u00f3 tr\u00ecnh \u0111\u1ed9 chuy\u00ean m\u00f4n cao \u0111\u01b0\u1ee3c \u0111\u00e0o t\u1ea1o v\u00e0 tuy\u1ec3n ch\u1ecdn chuy\u00ean nghi\u1ec7p.<br><br>Nh\u1edd v\u00e0o s\u1ef1 tin y\u00eau c\u1ee7a Qu\u00fd Kh\u00e1ch H\u00e0ng - \u0110\u1ed1i T\u00e1c trong &amp; ngo\u00e0i n\u01b0\u1edbc: UniTourist \u0111\u00e3 t\u1ed5 ch\u1ee9c c\u00e1c \u0111o\u00e0n kh\u00e1ch du l\u1ecbch qu\u1ed1c t\u1ebf kh\u1edfi h\u00e0nh m\u1ed7i n\u0103m, \u0111i \u0111\u1ebfn c\u00e1c qu\u1ed1c gia: <i>M\u1ef9, \u00dac, Ch\u00e2u \u00c2u, Nh\u1eadt B\u1ea3n, H\u00e0n Qu\u1ed1c, Trung Qu\u1ed1c, \u0110\u00e0i Loan,... <\/i>Duy tr\u00ec c\u00e1c tour kh\u1edfi h\u00e0nh \u0111\u1ec1u \u0111\u1eb7n h\u1eb1ng tu\u1ea7n, h\u1eb1ng th\u00e1ng.<br>Th\u01b0\u01a1ng hi\u1ec7u <b>UniTourist<\/b> \u0111\u00e3 v\u00e0 \u0111ang kh\u1eb3ng \u0111\u1ecbnh uy t\u00edn m\u1ea1nh m\u1ebd t\u1ea1i th\u1ecb tr\u01b0\u1eddng Vi\u1ec7t Nam c\u0169ng nh\u01b0 v\u1edbi c\u00e1c \u0111\u1ed1i t\u00e1c tr\u00ean tr\u01b0\u1eddng qu\u1ed1c t\u1ebf.<\/div>\n         \n         \n      <\/div>\n   <\/div>\n<\/div>\t\t<\/div>\n\t\t\t\t<\/div>\n\t\t\t\t\t<\/div>\n\t\t<\/div>\n\t\t\t\t\t<\/div>\n\t\t<\/section>\n\t\t\t\t<section class=\"elementor-section elementor-top-section elementor-element elementor-element-d07aa4d elementor-section-boxed elementor-section-height-default elementor-section-height-default row-top\" data-id=\"d07aa4d\" data-element_type=\"section\">\n\t\t\t\t\t\t<div class=\"elementor-container elementor-column-gap-default\">\n\t\t\t\t\t<div class=\"elementor-column elementor-col-100 elementor-top-column elementor-element elementor-element-f45917e\" data-id=\"f45917e\" data-element_type=\"column\" data-settings=\"{&quot;background_background&quot;:&quot;classic&quot;}\">\n\t\t\t<div class=\"elementor-widget-wrap elementor-element-populated\">\n\t\t\t\t\t\t<section class=\"elementor-section elementor-inner-section elementor-element elementor-element-e271598 elementor-section-boxed elementor-section-height-default elementor-section-height-default row-top\" data-id=\"e271598\" data-element_type=\"section\">\n\t\t\t\t\t\t<div class=\"elementor-container elementor-column-gap-default\">\n\t\t\t\t\t<div class=\"elementor-column elementor-col-25 elementor-inner-column elementor-element elementor-element-c2fde7a\" data-id=\"c2fde7a\" data-element_type=\"column\">\n\t\t\t<div class=\"elementor-widget-wrap elementor-element-populated\">\n\t\t\t\t\t\t<div class=\"elementor-element elementor-element-3339dc2 elementor-widget elementor-widget-gva-counter\" data-id=\"3339dc2\" data-element_type=\"widget\" data-widget_type=\"gva-counter.default\">\n\t\t\t\t<div class=\"elementor-widget-container\">\n\t\t\t<div class=\"gva-element-gva-counter gva-element\">\n         <div class=\"widget milestone-block style-3\">\n         <div class=\"box-content\">\n            \n            <div class=\"milestone-content\">\n               <div class=\"milestone-number-inner\">\n                                    <span class=\"milestone-number\">12<\/span>\n                                 <\/div>\n                                 <div class=\"milestone-text\">\n                      N\u0103m<br>Kinh nghi\u1ec7m qu\u1ea3n tr\u1ecb<br>du l\u1ecbch &amp; l\u1eef h\u00e0nh t\u1ea1i VN                  <\/div>\n                           <\/div>\n            \n            \n         <\/div>   \n      <\/div> \n   \n<\/div>\t\t<\/div>\n\t\t\t\t<\/div>\n\t\t\t\t\t<\/div>\n\t\t<\/div>\n\t\t\t\t<div class=\"elementor-column elementor-col-25 elementor-inner-column elementor-element elementor-element-cee5b07\" data-id=\"cee5b07\" data-element_type=\"column\">\n\t\t\t<div class=\"elementor-widget-wrap elementor-element-populated\">\n\t\t\t\t\t\t<div class=\"elementor-element elementor-element-9e21c4c elementor-widget elementor-widget-gva-counter\" data-id=\"9e21c4c\" data-element_type=\"widget\" data-widget_type=\"gva-counter.default\">\n\t\t\t\t<div class=\"elementor-widget-container\">\n\t\t\t<div class=\"gva-element-gva-counter gva-element\">\n         <div class=\"widget milestone-block style-3\">\n         <div class=\"box-content\">\n            \n            <div class=\"milestone-content\">\n               <div class=\"milestone-number-inner\">\n                                    <span class=\"milestone-number\">12<\/span>\n                                 <\/div>\n                                 <div class=\"milestone-text\">\n                      N\u0103m<br>Kinh nghi\u1ec7m t\u01b0 v\u1ea5n<br>Visa &amp; l\u1eef h\u00e0nh t\u1ea1i VN                  <\/div>\n                           <\/div>\n            \n            \n         <\/div>   \n      <\/div> \n   \n<\/div>\t\t<\/div>\n\t\t\t\t<\/div>\n\t\t\t\t\t<\/div>\n\t\t<\/div>\n\t\t\t\t<div class=\"elementor-column elementor-col-25 elementor-inner-column elementor-element elementor-element-4ffbfe3\" data-id=\"4ffbfe3\" data-element_type=\"column\">\n\t\t\t<div class=\"elementor-widget-wrap elementor-element-populated\">\n\t\t\t\t\t\t<div class=\"elementor-element elementor-element-9b77589 elementor-widget elementor-widget-gva-counter\" data-id=\"9b77589\" data-element_type=\"widget\" data-widget_type=\"gva-counter.default\">\n\t\t\t\t<div class=\"elementor-widget-container\">\n\t\t\t<div class=\"gva-element-gva-counter gva-element\">\n         <div class=\"widget milestone-block style-3\">\n         <div class=\"box-content\">\n            \n            <div class=\"milestone-content\">\n               <div class=\"milestone-number-inner\">\n                                    <span class=\"milestone-number\">8<\/span>\n                                 <\/div>\n                                 <div class=\"milestone-text\">\n                      Chi nh\u00e1nh VP\u0110D                  <\/div>\n                           <\/div>\n            \n            \n         <\/div>   \n      <\/div> \n   \n<\/div>\t\t<\/div>\n\t\t\t\t<\/div>\n\t\t\t\t\t<\/div>\n\t\t<\/div>\n\t\t\t\t<div class=\"elementor-column elementor-col-25 elementor-inner-column elementor-element elementor-element-63fe7d6\" data-id=\"63fe7d6\" data-element_type=\"column\">\n\t\t\t<div class=\"elementor-widget-wrap elementor-element-populated\">\n\t\t\t\t\t\t<div class=\"elementor-element elementor-element-9baf04c elementor-widget elementor-widget-gva-counter\" data-id=\"9baf04c\" data-element_type=\"widget\" data-widget_type=\"gva-counter.default\">\n\t\t\t\t<div class=\"elementor-widget-container\">\n\t\t\t<div class=\"gva-element-gva-counter gva-element\">\n         <div class=\"widget milestone-block style-3\">\n         <div class=\"box-content\">\n            \n            <div class=\"milestone-content\">\n               <div class=\"milestone-number-inner\">\n                                    <span class=\"milestone-number\">100<\/span>\n                                 <\/div>\n                                 <div class=\"milestone-text\">\n                      Nh\u00e2n vi\u00ean kh\u1eafp c\u1ea3 n\u01b0\u1edbc                  <\/div>\n                           <\/div>\n            \n            \n         <\/div>   \n      <\/div> \n   \n<\/div>\t\t<\/div>\n\t\t\t\t<\/div>\n\t\t\t\t\t<\/div>\n\t\t<\/div>\n\t\t\t\t\t<\/div>\n\t\t<\/section>\n\t\t\t\t\t<\/div>\n\t\t<\/div>\n\t\t\t\t\t<\/div>\n\t\t<\/section>\n\t\t\t\t<\/div>","protected":false},"excerpt":{"rendered":"<p>V\u1ec1 UniTourist Home Trang V\u1ec1 ch\u00fang t\u00f4i Th\u00e0nh l\u1eadp t\u1eeb n\u0103m 2012, UniTourist (C\u00f4ng ty TNNHH Du L\u1ecbch L\u1eef H\u00e0nh UniTourist) v\u1edbi ti\u1ec1n th\u00e2n l\u00e0 Ph\u00f2ng Tour Du L\u1ecbch c\u1ee7a [&hellip;]<\/p>","protected":false},"author":1,"featured_media":2887,"parent":0,"menu_order":0,"comment_status":"closed","ping_status":"closed","template":"","meta":{"_acf_changed":false,"footnotes":""},"class_list":["post-21","page","type-page","status-publish","has-post-thumbnail","hentry"],"acf":[],"yoast_head":"<!-- This site is optimized with the Yoast SEO plugin v23.3 - https:\/\/yoast.com\/wordpress\/plugins\/seo\/ -->\n<title>V\u1ec1 UniTourist - Unitourist<\/title>\n<meta name=\"robots\" content=\"index, follow, max-snippet:-1, max-image-preview:large, max-video-preview:-1\" \/>\n<link rel=\"canonical\" href=\"https:\/\/unitourist.vn\/en\/ve-unitourist\/\" \/>\n<meta property=\"og:locale\" content=\"en_US\" \/>\n<meta property=\"og:type\" content=\"article\" \/>\n<meta property=\"og:title\" content=\"V\u1ec1 UniTourist - Unitourist\" \/>\n<meta property=\"og:description\" content=\"V\u1ec1 UniTourist Home Trang V\u1ec1 ch\u00fang t\u00f4i Th\u00e0nh l\u1eadp t\u1eeb n\u0103m 2012, UniTourist (C\u00f4ng ty TNNHH Du L\u1ecbch L\u1eef H\u00e0nh UniTourist) v\u1edbi ti\u1ec1n th\u00e2n l\u00e0 Ph\u00f2ng Tour Du L\u1ecbch c\u1ee7a [&hellip;]\" \/>\n<meta property=\"og:url\" content=\"https:\/\/unitourist.vn\/en\/ve-unitourist\/\" \/>\n<meta property=\"og:site_name\" content=\"Unitourist\" \/>\n<meta property=\"article:modified_time\" content=\"2024-08-12T09:49:28+00:00\" \/>\n<meta property=\"og:image\" content=\"https:\/\/unitourist.vn\/wp-content\/uploads\/2024\/07\/unitourist-Site-Logo-01.png\" \/>\n\t<meta property=\"og:image:width\" content=\"1459\" \/>\n\t<meta property=\"og:image:height\" content=\"417\" \/>\n\t<meta property=\"og:image:type\" content=\"image\/png\" \/>\n<meta name=\"twitter:card\" content=\"summary_large_image\" \/>\n<meta name=\"twitter:label1\" content=\"Est. reading time\" \/>\n\t<meta name=\"twitter:data1\" content=\"2 minutes\" \/>\n<script type=\"application\/ld+json\" class=\"yoast-schema-graph\">{\"@context\":\"https:\/\/schema.org\",\"@graph\":[{\"@type\":\"WebPage\",\"@id\":\"https:\/\/unitourist.vn\/ve-unitourist\/\",\"url\":\"https:\/\/unitourist.vn\/ve-unitourist\/\",\"name\":\"V\u1ec1 UniTourist - Unitourist\",\"isPartOf\":{\"@id\":\"https:\/\/unitourist.vn\/#website\"},\"primaryImageOfPage\":{\"@id\":\"https:\/\/unitourist.vn\/ve-unitourist\/#primaryimage\"},\"image\":{\"@id\":\"https:\/\/unitourist.vn\/ve-unitourist\/#primaryimage\"},\"thumbnailUrl\":\"https:\/\/unitourist.vn\/wp-content\/uploads\/2024\/07\/unitourist-Site-Logo-01.png\",\"datePublished\":\"2020-12-08T03:53:12+00:00\",\"dateModified\":\"2024-08-12T09:49:28+00:00\",\"breadcrumb\":{\"@id\":\"https:\/\/unitourist.vn\/ve-unitourist\/#breadcrumb\"},\"inLanguage\":\"en-US\",\"potentialAction\":[{\"@type\":\"ReadAction\",\"target\":[\"https:\/\/unitourist.vn\/ve-unitourist\/\"]}]},{\"@type\":\"ImageObject\",\"inLanguage\":\"en-US\",\"@id\":\"https:\/\/unitourist.vn\/ve-unitourist\/#primaryimage\",\"url\":\"https:\/\/unitourist.vn\/wp-content\/uploads\/2024\/07\/unitourist-Site-Logo-01.png\",\"contentUrl\":\"https:\/\/unitourist.vn\/wp-content\/uploads\/2024\/07\/unitourist-Site-Logo-01.png\",\"width\":1459,\"height\":417},{\"@type\":\"BreadcrumbList\",\"@id\":\"https:\/\/unitourist.vn\/ve-unitourist\/#breadcrumb\",\"itemListElement\":[{\"@type\":\"ListItem\",\"position\":1,\"name\":\"Home\",\"item\":\"https:\/\/unitourist.vn\/\"},{\"@type\":\"ListItem\",\"position\":2,\"name\":\"V\u1ec1 UniTourist\"}]},{\"@type\":\"WebSite\",\"@id\":\"https:\/\/unitourist.vn\/#website\",\"url\":\"https:\/\/unitourist.vn\/\",\"name\":\"Unitourist\",\"description\":\"Trip of Memories\",\"publisher\":{\"@id\":\"https:\/\/unitourist.vn\/#organization\"},\"potentialAction\":[{\"@type\":\"SearchAction\",\"target\":{\"@type\":\"EntryPoint\",\"urlTemplate\":\"https:\/\/unitourist.vn\/?s={search_term_string}\"},\"query-input\":\"required name=search_term_string\"}],\"inLanguage\":\"en-US\"},{\"@type\":\"Organization\",\"@id\":\"https:\/\/unitourist.vn\/#organization\",\"name\":\"Unitourist\",\"url\":\"https:\/\/unitourist.vn\/\",\"logo\":{\"@type\":\"ImageObject\",\"inLanguage\":\"en-US\",\"@id\":\"https:\/\/unitourist.vn\/#\/schema\/logo\/image\/\",\"url\":\"https:\/\/unitourist.vn\/wp-content\/uploads\/2024\/07\/unitourist-Site-Logo-01.png\",\"contentUrl\":\"https:\/\/unitourist.vn\/wp-content\/uploads\/2024\/07\/unitourist-Site-Logo-01.png\",\"width\":1459,\"height\":417,\"caption\":\"Unitourist\"},\"image\":{\"@id\":\"https:\/\/unitourist.vn\/#\/schema\/logo\/image\/\"}}]}<\/script>\n<!-- \/ Yoast SEO plugin. -->","yoast_head_json":{"title":"V\u1ec1 UniTourist - Unitourist","robots":{"index":"index","follow":"follow","max-snippet":"max-snippet:-1","max-image-preview":"max-image-preview:large","max-video-preview":"max-video-preview:-1"},"canonical":"https:\/\/unitourist.vn\/en\/ve-unitourist\/","og_locale":"en_US","og_type":"article","og_title":"V\u1ec1 UniTourist - Unitourist","og_description":"V\u1ec1 UniTourist Home Trang V\u1ec1 ch\u00fang t\u00f4i Th\u00e0nh l\u1eadp t\u1eeb n\u0103m 2012, UniTourist (C\u00f4ng ty TNNHH Du L\u1ecbch L\u1eef H\u00e0nh UniTourist) v\u1edbi ti\u1ec1n th\u00e2n l\u00e0 Ph\u00f2ng Tour Du L\u1ecbch c\u1ee7a [&hellip;]","og_url":"https:\/\/unitourist.vn\/en\/ve-unitourist\/","og_site_name":"Unitourist","article_modified_time":"2024-08-12T09:49:28+00:00","og_image":[{"width":1459,"height":417,"url":"https:\/\/unitourist.vn\/wp-content\/uploads\/2024\/07\/unitourist-Site-Logo-01.png","type":"image\/png"}],"twitter_card":"summary_large_image","twitter_misc":{"Est. reading time":"2 minutes"},"schema":{"@context":"https:\/\/schema.org","@graph":[{"@type":"WebPage","@id":"https:\/\/unitourist.vn\/ve-unitourist\/","url":"https:\/\/unitourist.vn\/ve-unitourist\/","name":"V\u1ec1 UniTourist - Unitourist","isPartOf":{"@id":"https:\/\/unitourist.vn\/#website"},"primaryImageOfPage":{"@id":"https:\/\/unitourist.vn\/ve-unitourist\/#primaryimage"},"image":{"@id":"https:\/\/unitourist.vn\/ve-unitourist\/#primaryimage"},"thumbnailUrl":"https:\/\/unitourist.vn\/wp-content\/uploads\/2024\/07\/unitourist-Site-Logo-01.png","datePublished":"2020-12-08T03:53:12+00:00","dateModified":"2024-08-12T09:49:28+00:00","breadcrumb":{"@id":"https:\/\/unitourist.vn\/ve-unitourist\/#breadcrumb"},"inLanguage":"en-US","potentialAction":[{"@type":"ReadAction","target":["https:\/\/unitourist.vn\/ve-unitourist\/"]}]},{"@type":"ImageObject","inLanguage":"en-US","@id":"https:\/\/unitourist.vn\/ve-unitourist\/#primaryimage","url":"https:\/\/unitourist.vn\/wp-content\/uploads\/2024\/07\/unitourist-Site-Logo-01.png","contentUrl":"https:\/\/unitourist.vn\/wp-content\/uploads\/2024\/07\/unitourist-Site-Logo-01.png","width":1459,"height":417},{"@type":"BreadcrumbList","@id":"https:\/\/unitourist.vn\/ve-unitourist\/#breadcrumb","itemListElement":[{"@type":"ListItem","position":1,"name":"Home","item":"https:\/\/unitourist.vn\/"},{"@type":"ListItem","position":2,"name":"V\u1ec1 UniTourist"}]},{"@type":"WebSite","@id":"https:\/\/unitourist.vn\/#website","url":"https:\/\/unitourist.vn\/","name":"Unitourist","description":"Trip of Memories","publisher":{"@id":"https:\/\/unitourist.vn\/#organization"},"potentialAction":[{"@type":"SearchAction","target":{"@type":"EntryPoint","urlTemplate":"https:\/\/unitourist.vn\/?s={search_term_string}"},"query-input":"required name=search_term_string"}],"inLanguage":"en-US"},{"@type":"Organization","@id":"https:\/\/unitourist.vn\/#organization","name":"Unitourist","url":"https:\/\/unitourist.vn\/","logo":{"@type":"ImageObject","inLanguage":"en-US","@id":"https:\/\/unitourist.vn\/#\/schema\/logo\/image\/","url":"https:\/\/unitourist.vn\/wp-content\/uploads\/2024\/07\/unitourist-Site-Logo-01.png","contentUrl":"https:\/\/unitourist.vn\/wp-content\/uploads\/2024\/07\/unitourist-Site-Logo-01.png","width":1459,"height":417,"caption":"Unitourist"},"image":{"@id":"https:\/\/unitourist.vn\/#\/schema\/logo\/image\/"}}]}},"_links":{"self":[{"href":"https:\/\/unitourist.vn\/en\/wp-json\/wp\/v2\/pages\/21"}],"collection":[{"href":"https:\/\/unitourist.vn\/en\/wp-json\/wp\/v2\/pages"}],"about":[{"href":"https:\/\/unitourist.vn\/en\/wp-json\/wp\/v2\/types\/page"}],"author":[{"embeddable":true,"href":"https:\/\/unitourist.vn\/en\/wp-json\/wp\/v2\/users\/1"}],"replies":[{"embeddable":true,"href":"https:\/\/unitourist.vn\/en\/wp-json\/wp\/v2\/comments?post=21"}],"version-history":[{"count":28,"href":"https:\/\/unitourist.vn\/en\/wp-json\/wp\/v2\/pages\/21\/revisions"}],"predecessor-version":[{"id":2597,"href":"https:\/\/unitourist.vn\/en\/wp-json\/wp\/v2\/pages\/21\/revisions\/2597"}],"wp:featuredmedia":[{"embeddable":true,"href":"https:\/\/unitourist.vn\/en\/wp-json\/wp\/v2\/media\/2887"}],"wp:attachment":[{"href":"https:\/\/unitourist.vn\/en\/wp-json\/wp\/v2\/media?parent=21"}],"curies":[{"name":"wp","href":"https:\/\/api.w.org\/{rel}","templated":true}]}}