{"id":20,"date":"2024-07-30T23:42:12","date_gmt":"2024-07-30T16:42:12","guid":{"rendered":"https:\/\/unitourist.vn\/?page_id=20"},"modified":"2024-07-31T16:24:21","modified_gmt":"2024-07-31T09:24:21","slug":"refund_returns","status":"publish","type":"page","link":"https:\/\/unitourist.vn\/en\/refund_returns\/","title":{"rendered":"Payment Guide"},"content":{"rendered":"<h2 class=\"wp-block-heading\">Payment via bank account<\/h2>\n\n\n\n<p><strong>Account number: 849848<\/strong><br>Account holder: UNITOURIST TRAVEL COMPANY LIMITED<br>Asia Commercial Bank (ACB) \u2013 Transaction Office: Hai Ba Trung<br>Payment Content: Customer Name_Service_Booking Code<\/p>\n\n\n\n<p><h2>Payment at the Company Office<\/h2><\/p>\n\n\n\n<p><strong>UNITOURIST TRAVEL COMPANY LIMITED<\/strong><br><strong>Address<\/strong> 8A\/11D1 Thai Van Lung, Ben Nghe Ward, District 1, Ho Chi Minh City<br><strong>Hotline:<\/strong> 19002112 &#8211; <strong>Email:<\/strong> info@unitourist.vn<br><strong>Website:<\/strong> unitourist.vn<\/p>\n\n\n\n<p><\/p>","protected":false},"excerpt":{"rendered":"<p>Thanh to\u00e1n qua t\u00e0i kho\u1ea3n Ng\u00e2n H\u00e0ng S\u1ed1 t\u00e0i kho\u1ea3n: 849848Ch\u1ee7 t\u00e0i kho\u1ea3n: CTY TNHH DU LICH LU HANH UNITOURISTNg\u00e2n h\u00e0ng \u00c1 Ch\u00e2u (ACB) \u2013 PGD: Hai B\u00e0 Tr\u01b0ngN\u1ed9i Dung [&hellip;]<\/p>","protected":false},"author":1,"featured_media":0,"parent":0,"menu_order":0,"comment_status":"closed","ping_status":"closed","template":"","meta":{"_acf_changed":false,"footnotes":""},"class_list":["post-20","page","type-page","status-publish","hentry"],"acf":[],"yoast_head":"<!-- This site is optimized with the Yoast SEO plugin v23.3 - https:\/\/yoast.com\/wordpress\/plugins\/seo\/ -->\n<title>CH\u00cdNH S\u00c1CH THANH TO\u00c1N - Unitourist<\/title>\n<meta name=\"robots\" content=\"index, follow, max-snippet:-1, max-image-preview:large, max-video-preview:-1\" \/>\n<link rel=\"canonical\" href=\"https:\/\/unitourist.vn\/en\/refund_returns\/\" \/>\n<meta property=\"og:locale\" content=\"en_US\" \/>\n<meta property=\"og:type\" content=\"article\" \/>\n<meta property=\"og:title\" content=\"CH\u00cdNH S\u00c1CH THANH TO\u00c1N - Unitourist\" \/>\n<meta property=\"og:description\" content=\"Thanh to\u00e1n qua t\u00e0i kho\u1ea3n Ng\u00e2n H\u00e0ng S\u1ed1 t\u00e0i kho\u1ea3n: 849848Ch\u1ee7 t\u00e0i kho\u1ea3n: CTY TNHH DU LICH LU HANH UNITOURISTNg\u00e2n h\u00e0ng \u00c1 Ch\u00e2u (ACB) \u2013 PGD: Hai B\u00e0 Tr\u01b0ngN\u1ed9i Dung [&hellip;]\" \/>\n<meta property=\"og:url\" content=\"https:\/\/unitourist.vn\/en\/refund_returns\/\" \/>\n<meta property=\"og:site_name\" content=\"Unitourist\" \/>\n<meta property=\"article:modified_time\" content=\"2024-07-31T09:24:21+00:00\" \/>\n<meta name=\"twitter:card\" content=\"summary_large_image\" \/>\n<meta name=\"twitter:label1\" content=\"Est. reading time\" \/>\n\t<meta name=\"twitter:data1\" content=\"1 minute\" \/>\n<script type=\"application\/ld+json\" class=\"yoast-schema-graph\">{\"@context\":\"https:\/\/schema.org\",\"@graph\":[{\"@type\":\"WebPage\",\"@id\":\"https:\/\/unitourist.vn\/refund_returns\/\",\"url\":\"https:\/\/unitourist.vn\/refund_returns\/\",\"name\":\"CH\u00cdNH S\u00c1CH THANH TO\u00c1N - Unitourist\",\"isPartOf\":{\"@id\":\"https:\/\/unitourist.vn\/#website\"},\"datePublished\":\"2024-07-30T16:42:12+00:00\",\"dateModified\":\"2024-07-31T09:24:21+00:00\",\"breadcrumb\":{\"@id\":\"https:\/\/unitourist.vn\/refund_returns\/#breadcrumb\"},\"inLanguage\":\"en-US\",\"potentialAction\":[{\"@type\":\"ReadAction\",\"target\":[\"https:\/\/unitourist.vn\/refund_returns\/\"]}]},{\"@type\":\"BreadcrumbList\",\"@id\":\"https:\/\/unitourist.vn\/refund_returns\/#breadcrumb\",\"itemListElement\":[{\"@type\":\"ListItem\",\"position\":1,\"name\":\"Home\",\"item\":\"https:\/\/unitourist.vn\/\"},{\"@type\":\"ListItem\",\"position\":2,\"name\":\"CH\u00cdNH S\u00c1CH THANH TO\u00c1N\"}]},{\"@type\":\"WebSite\",\"@id\":\"https:\/\/unitourist.vn\/#website\",\"url\":\"https:\/\/unitourist.vn\/\",\"name\":\"Unitourist\",\"description\":\"Trip of Memories\",\"publisher\":{\"@id\":\"https:\/\/unitourist.vn\/#organization\"},\"potentialAction\":[{\"@type\":\"SearchAction\",\"target\":{\"@type\":\"EntryPoint\",\"urlTemplate\":\"https:\/\/unitourist.vn\/?s={search_term_string}\"},\"query-input\":\"required name=search_term_string\"}],\"inLanguage\":\"en-US\"},{\"@type\":\"Organization\",\"@id\":\"https:\/\/unitourist.vn\/#organization\",\"name\":\"Unitourist\",\"url\":\"https:\/\/unitourist.vn\/\",\"logo\":{\"@type\":\"ImageObject\",\"inLanguage\":\"en-US\",\"@id\":\"https:\/\/unitourist.vn\/#\/schema\/logo\/image\/\",\"url\":\"https:\/\/unitourist.vn\/wp-content\/uploads\/2024\/07\/unitourist-Site-Logo-01.png\",\"contentUrl\":\"https:\/\/unitourist.vn\/wp-content\/uploads\/2024\/07\/unitourist-Site-Logo-01.png\",\"width\":1459,\"height\":417,\"caption\":\"Unitourist\"},\"image\":{\"@id\":\"https:\/\/unitourist.vn\/#\/schema\/logo\/image\/\"}}]}<\/script>\n<!-- \/ Yoast SEO plugin. -->","yoast_head_json":{"title":"CH\u00cdNH S\u00c1CH THANH TO\u00c1N - Unitourist","robots":{"index":"index","follow":"follow","max-snippet":"max-snippet:-1","max-image-preview":"max-image-preview:large","max-video-preview":"max-video-preview:-1"},"canonical":"https:\/\/unitourist.vn\/en\/refund_returns\/","og_locale":"en_US","og_type":"article","og_title":"CH\u00cdNH S\u00c1CH THANH TO\u00c1N - Unitourist","og_description":"Thanh to\u00e1n qua t\u00e0i kho\u1ea3n Ng\u00e2n H\u00e0ng S\u1ed1 t\u00e0i kho\u1ea3n: 849848Ch\u1ee7 t\u00e0i kho\u1ea3n: CTY TNHH DU LICH LU HANH UNITOURISTNg\u00e2n h\u00e0ng \u00c1 Ch\u00e2u (ACB) \u2013 PGD: Hai B\u00e0 Tr\u01b0ngN\u1ed9i Dung [&hellip;]","og_url":"https:\/\/unitourist.vn\/en\/refund_returns\/","og_site_name":"Unitourist","article_modified_time":"2024-07-31T09:24:21+00:00","twitter_card":"summary_large_image","twitter_misc":{"Est. reading time":"1 minute"},"schema":{"@context":"https:\/\/schema.org","@graph":[{"@type":"WebPage","@id":"https:\/\/unitourist.vn\/refund_returns\/","url":"https:\/\/unitourist.vn\/refund_returns\/","name":"CH\u00cdNH S\u00c1CH THANH TO\u00c1N - Unitourist","isPartOf":{"@id":"https:\/\/unitourist.vn\/#website"},"datePublished":"2024-07-30T16:42:12+00:00","dateModified":"2024-07-31T09:24:21+00:00","breadcrumb":{"@id":"https:\/\/unitourist.vn\/refund_returns\/#breadcrumb"},"inLanguage":"en-US","potentialAction":[{"@type":"ReadAction","target":["https:\/\/unitourist.vn\/refund_returns\/"]}]},{"@type":"BreadcrumbList","@id":"https:\/\/unitourist.vn\/refund_returns\/#breadcrumb","itemListElement":[{"@type":"ListItem","position":1,"name":"Home","item":"https:\/\/unitourist.vn\/"},{"@type":"ListItem","position":2,"name":"CH\u00cdNH S\u00c1CH THANH TO\u00c1N"}]},{"@type":"WebSite","@id":"https:\/\/unitourist.vn\/#website","url":"https:\/\/unitourist.vn\/","name":"Unitourist","description":"Trip of Memories","publisher":{"@id":"https:\/\/unitourist.vn\/#organization"},"potentialAction":[{"@type":"SearchAction","target":{"@type":"EntryPoint","urlTemplate":"https:\/\/unitourist.vn\/?s={search_term_string}"},"query-input":"required name=search_term_string"}],"inLanguage":"en-US"},{"@type":"Organization","@id":"https:\/\/unitourist.vn\/#organization","name":"Unitourist","url":"https:\/\/unitourist.vn\/","logo":{"@type":"ImageObject","inLanguage":"en-US","@id":"https:\/\/unitourist.vn\/#\/schema\/logo\/image\/","url":"https:\/\/unitourist.vn\/wp-content\/uploads\/2024\/07\/unitourist-Site-Logo-01.png","contentUrl":"https:\/\/unitourist.vn\/wp-content\/uploads\/2024\/07\/unitourist-Site-Logo-01.png","width":1459,"height":417,"caption":"Unitourist"},"image":{"@id":"https:\/\/unitourist.vn\/#\/schema\/logo\/image\/"}}]}},"_links":{"self":[{"href":"https:\/\/unitourist.vn\/en\/wp-json\/wp\/v2\/pages\/20"}],"collection":[{"href":"https:\/\/unitourist.vn\/en\/wp-json\/wp\/v2\/pages"}],"about":[{"href":"https:\/\/unitourist.vn\/en\/wp-json\/wp\/v2\/types\/page"}],"author":[{"embeddable":true,"href":"https:\/\/unitourist.vn\/en\/wp-json\/wp\/v2\/users\/1"}],"replies":[{"embeddable":true,"href":"https:\/\/unitourist.vn\/en\/wp-json\/wp\/v2\/comments?post=20"}],"version-history":[{"count":2,"href":"https:\/\/unitourist.vn\/en\/wp-json\/wp\/v2\/pages\/20\/revisions"}],"predecessor-version":[{"id":2107,"href":"https:\/\/unitourist.vn\/en\/wp-json\/wp\/v2\/pages\/20\/revisions\/2107"}],"wp:attachment":[{"href":"https:\/\/unitourist.vn\/en\/wp-json\/wp\/v2\/media?parent=20"}],"curies":[{"name":"wp","href":"https:\/\/api.w.org\/{rel}","templated":true}]}}